{"id":581,"date":"2023-09-13T07:47:21","date_gmt":"2023-09-13T07:47:21","guid":{"rendered":"https:\/\/raon.hr\/home-page\/"},"modified":"2025-07-08T19:36:38","modified_gmt":"2025-07-08T19:36:38","slug":"home-page","status":"publish","type":"page","link":"https:\/\/raon-industry.com\/de\/","title":{"rendered":"Home page"},"content":{"rendered":"\t\t<div data-elementor-type=\"wp-page\" data-elementor-id=\"581\" class=\"elementor elementor-581\">\n\t\t\t\t\t\t\t<div class=\"elementor-element elementor-element-d5bb30b e-con-full e-flex elementor-invisible e-con e-parent\" data-id=\"d5bb30b\" data-element_type=\"container\" data-settings=\"{&quot;content_width&quot;:&quot;full&quot;,&quot;animation&quot;:&quot;fadeIn&quot;}\" data-core-v316-plus=\"true\">\n\t\t\t\t<div class=\"elementor-element elementor-element-09024ee elementor-invisible elementor-widget elementor-widget-heading\" data-id=\"09024ee\" data-element_type=\"widget\" data-settings=\"{&quot;_animation&quot;:&quot;fadeInUp&quot;}\" data-widget_type=\"heading.default\">\n\t\t\t\t<div class=\"elementor-widget-container\">\n\t\t\t<style>\/*! elementor - v3.16.0 - 12-09-2023 *\/\n.elementor-heading-title{padding:0;margin:0;line-height:1}.elementor-widget-heading .elementor-heading-title[class*=elementor-size-]>a{color:inherit;font-size:inherit;line-height:inherit}.elementor-widget-heading .elementor-heading-title.elementor-size-small{font-size:15px}.elementor-widget-heading .elementor-heading-title.elementor-size-medium{font-size:19px}.elementor-widget-heading .elementor-heading-title.elementor-size-large{font-size:29px}.elementor-widget-heading .elementor-heading-title.elementor-size-xl{font-size:39px}.elementor-widget-heading .elementor-heading-title.elementor-size-xxl{font-size:59px}<\/style><h2 class=\"elementor-heading-title elementor-size-default\">Gesteigerte Effizienz, Zukunftssicherheit durch fortschrittliche Automatisierungstechnologie<\/h2>\t\t<\/div>\n\t\t\t\t<\/div>\n\t\t\t\t<\/div>\n\t\t<div class=\"elementor-element elementor-element-2547402 e-flex e-con-boxed e-con e-parent\" data-id=\"2547402\" data-element_type=\"container\" data-settings=\"{&quot;content_width&quot;:&quot;boxed&quot;}\" data-core-v316-plus=\"true\">\n\t\t\t\t\t<div class=\"e-con-inner\">\n\t\t\t\t<div class=\"elementor-element elementor-element-96bcb67 elementor-widget__width-inherit ekit-equal-height-disable elementor-widget elementor-widget-elementskit-icon-box\" data-id=\"96bcb67\" data-element_type=\"widget\" data-widget_type=\"elementskit-icon-box.default\">\n\t\t\t\t<div class=\"elementor-widget-container\">\n\t\t\t<div class=\"ekit-wid-con\" >        <!-- link opening -->\n                <!-- end link opening -->\n\n        <div class=\"elementskit-infobox text-center text-center icon-top-align elementor-animation-   \">\n                    <div class=\"elementskit-box-header elementor-animation-\">\n                <div class=\"elementskit-info-box-icon  \">\n                    <i aria-hidden=\"true\" class=\"elementkit-infobox-icon icon icon-cog\"><\/i>\n                <\/div>\n          <\/div>\n                        <div class=\"box-body\">\n                            <h3 class=\"elementskit-info-box-title\">\n                    Fortschrittliche Automatisierungssysteme                <\/h3>\n                        \t\t  <p>Unser Portfolio umfasst eine breite Palette fortschrittlicher Automatisierungssysteme zur Optimierung der Abl\u00e4ufe in verschiedenen Branchen. Wir bieten ma\u00dfgeschneiderte L\u00f6sungen f\u00fcr Ihre spezifischen Anforderungen.<\/p>\n                                <\/div>\n        \n        \n                <\/div>\n        <\/div>\t\t<\/div>\n\t\t\t\t<\/div>\n\t\t\t\t<div class=\"elementor-element elementor-element-a96cac3 elementor-widget__width-inherit ekit-equal-height-disable elementor-widget elementor-widget-elementskit-icon-box\" data-id=\"a96cac3\" data-element_type=\"widget\" data-widget_type=\"elementskit-icon-box.default\">\n\t\t\t\t<div class=\"elementor-widget-container\">\n\t\t\t<div class=\"ekit-wid-con\" >        <!-- link opening -->\n                <!-- end link opening -->\n\n        <div class=\"elementskit-infobox text-center text- icon-top-align elementor-animation-   \">\n                    <div class=\"elementskit-box-header elementor-animation-\">\n                <div class=\"elementskit-info-box-icon  \">\n                    <i aria-hidden=\"true\" class=\"elementkit-infobox-icon icon icon-crane2\"><\/i>\n                <\/div>\n          <\/div>\n                        <div class=\"box-body\">\n                            <h3 class=\"elementskit-info-box-title\">\n                    Innovative Robotik                <\/h3>\n                        \t\t  <p>Wir nutzen die neuesten Fortschritte in der Robotik und integrieren kollaborative Roboter (Cobots), die Seite an Seite mit menschlichen Mitarbeitern arbeiten und so sowohl die Produktivit\u00e4t als auch die Sicherheit am Arbeitsplatz verbessern.<\/p>\n                                <\/div>\n        \n        \n                <\/div>\n        <\/div>\t\t<\/div>\n\t\t\t\t<\/div>\n\t\t\t\t<div class=\"elementor-element elementor-element-b563e51 elementor-widget__width-inherit ekit-equal-height-disable elementor-widget elementor-widget-elementskit-icon-box\" data-id=\"b563e51\" data-element_type=\"widget\" data-widget_type=\"elementskit-icon-box.default\">\n\t\t\t\t<div class=\"elementor-widget-container\">\n\t\t\t<div class=\"ekit-wid-con\" >        <!-- link opening -->\n                <!-- end link opening -->\n\n        <div class=\"elementskit-infobox text-center text- icon-top-align elementor-animation-   \">\n                    <div class=\"elementskit-box-header elementor-animation-\">\n                <div class=\"elementskit-info-box-icon  \">\n                    <i aria-hidden=\"true\" class=\"elementkit-infobox-icon icon icon-computer\"><\/i>\n                <\/div>\n          <\/div>\n                        <div class=\"box-body\">\n                            <h3 class=\"elementskit-info-box-title\">\n                    Intelligente IoT-Integration                <\/h3>\n                        \t\t  <p>Unsere L\u00f6sungen nutzen die Leistungsf\u00e4higkeit des Internets der Dinge (IoT), um vernetzte \u00d6kosysteme zu schaffen, die Dateneinblicke in Echtzeit erm\u00f6glichen. \u00dcberwachen, steuern und optimieren Sie Prozesse aus der Ferne und verschaffen Sie sich so einen Wettbewerbsvorteil in der heutigen schnelllebigen Gesch\u00e4ftswelt.<\/p>\n                                <\/div>\n        \n        \n                <\/div>\n        <\/div>\t\t<\/div>\n\t\t\t\t<\/div>\n\t\t\t\t\t<\/div>\n\t\t\t\t<\/div>\n\t\t<div class=\"elementor-element elementor-element-d860b2d e-flex e-con-boxed e-con e-parent\" data-id=\"d860b2d\" data-element_type=\"container\" data-settings=\"{&quot;content_width&quot;:&quot;boxed&quot;}\" data-core-v316-plus=\"true\">\n\t\t\t\t\t<div class=\"e-con-inner\">\n\t\t\t\t<div class=\"elementor-element elementor-element-4110a1c elementor-arrows-position-inside elementor-pagination-position-outside elementor-widget elementor-widget-image-carousel\" data-id=\"4110a1c\" data-element_type=\"widget\" data-settings=\"{&quot;autoplay_speed&quot;:2000,&quot;navigation&quot;:&quot;both&quot;,&quot;autoplay&quot;:&quot;yes&quot;,&quot;pause_on_hover&quot;:&quot;yes&quot;,&quot;pause_on_interaction&quot;:&quot;yes&quot;,&quot;infinite&quot;:&quot;yes&quot;,&quot;speed&quot;:500}\" data-widget_type=\"image-carousel.default\">\n\t\t\t\t<div class=\"elementor-widget-container\">\n\t\t\t<style>\/*! elementor - v3.16.0 - 12-09-2023 *\/\n.elementor-widget-image-carousel .swiper,.elementor-widget-image-carousel .swiper-container{position:static}.elementor-widget-image-carousel .swiper-container .swiper-slide figure,.elementor-widget-image-carousel .swiper .swiper-slide figure{line-height:inherit}.elementor-widget-image-carousel .swiper-slide{text-align:center}.elementor-image-carousel-wrapper:not(.swiper-container-initialized):not(.swiper-initialized) .swiper-slide{max-width:calc(100% \/ var(--e-image-carousel-slides-to-show, 3))}<\/style>\t\t<div class=\"elementor-image-carousel-wrapper swiper\" dir=\"ltr\">\n\t\t\t<div class=\"elementor-image-carousel swiper-wrapper\" aria-live=\"off\">\n\t\t\t\t\t\t\t\t<div class=\"swiper-slide\" role=\"group\" aria-roledescription=\"slide\" aria-label=\"1 of 7\"><figure class=\"swiper-slide-inner\"><img decoding=\"async\" class=\"swiper-slide-image\" src=\"https:\/\/raon-industry.com\/wp-content\/uploads\/elementor\/thumbs\/csm_Spinner-blocks_4c23fc17b5-qd5uhew23e3p83uowfj43us0synjhbc5xtti8v6kzc.png\" alt=\"csm_Spinner-blocks_4c23fc17b5\" \/><\/figure><\/div><div class=\"swiper-slide\" role=\"group\" aria-roledescription=\"slide\" aria-label=\"2 of 7\"><figure class=\"swiper-slide-inner\"><img decoding=\"async\" class=\"swiper-slide-image\" src=\"https:\/\/raon-industry.com\/wp-content\/uploads\/elementor\/thumbs\/csm_N-SMS2821-002_085-50MN-Strangpresse_-Dornschmierroboter_-Scheibenroboter_b42d866eb8-qd5ui811z97l80od6a4jr5fb7wnx3xjudu1k4fzdmg.png\" alt=\"csm_N-SMS2821-002_085-50MN-Strangpresse_-Dornschmierroboter_-Scheibenroboter_b42d866eb8\" \/><\/figure><\/div><div class=\"swiper-slide\" role=\"group\" aria-roledescription=\"slide\" aria-label=\"3 of 7\"><figure class=\"swiper-slide-inner\"><img decoding=\"async\" class=\"swiper-slide-image\" src=\"https:\/\/raon-industry.com\/wp-content\/uploads\/elementor\/thumbs\/Screenshot-2023-07-27-131924-qd5uf543kszr615h5y6kkxex4fulvnbiml29hsju0o.png\" alt=\"Screenshot 2023-07-27 131924\" \/><\/figure><\/div><div class=\"swiper-slide\" role=\"group\" aria-roledescription=\"slide\" aria-label=\"4 of 7\"><figure class=\"swiper-slide-inner\"><img decoding=\"async\" class=\"swiper-slide-image\" src=\"https:\/\/raon-industry.com\/wp-content\/uploads\/elementor\/thumbs\/20230701_143346-scaled-qd5uegoan42as64z4nm9s3kxof72bimhv83n0lk2ig.jpg\" alt=\"20230701_143346\" \/><\/figure><\/div><div class=\"swiper-slide\" role=\"group\" aria-roledescription=\"slide\" aria-label=\"5 of 7\"><figure class=\"swiper-slide-inner\"><img decoding=\"async\" class=\"swiper-slide-image\" src=\"https:\/\/raon-industry.com\/wp-content\/uploads\/elementor\/thumbs\/Slika_34-qd5ufwdf3012iq1vqryr38jacm492vbqebzcetff08.jpeg\" alt=\"Slika_34\" \/><\/figure><\/div><div class=\"swiper-slide\" role=\"group\" aria-roledescription=\"slide\" aria-label=\"6 of 7\"><figure class=\"swiper-slide-inner\"><img decoding=\"async\" class=\"swiper-slide-image\" src=\"https:\/\/raon-industry.com\/wp-content\/uploads\/elementor\/thumbs\/Slika_35-scaled-qd5ugagzxikdcvhegg25mmz79e6rabvpg9rmlyuiew.jpg\" alt=\"Slika_35\" \/><\/figure><\/div><div class=\"swiper-slide\" role=\"group\" aria-roledescription=\"slide\" aria-label=\"7 of 7\"><figure class=\"swiper-slide-inner\"><img decoding=\"async\" class=\"swiper-slide-image\" src=\"https:\/\/raon-industry.com\/wp-content\/uploads\/elementor\/thumbs\/csm_BrightSteelLines_SMSgroup_643f264749-qd5uj31q8se1v5fb55j8jflitmf15xyzi3kkykpdx4.png\" alt=\"csm_BrightSteelLines_SMSgroup_643f264749\" \/><\/figure><\/div>\t\t\t<\/div>\n\t\t\t\t\t\t\t\t\t\t\t\t<div class=\"elementor-swiper-button elementor-swiper-button-prev\" role=\"button\" tabindex=\"0\">\n\t\t\t\t\t\t<i aria-hidden=\"true\" class=\"eicon-chevron-left\"><\/i>\t\t\t\t\t<\/div>\n\t\t\t\t\t<div class=\"elementor-swiper-button elementor-swiper-button-next\" role=\"button\" tabindex=\"0\">\n\t\t\t\t\t\t<i aria-hidden=\"true\" class=\"eicon-chevron-right\"><\/i>\t\t\t\t\t<\/div>\n\t\t\t\t\n\t\t\t\t\t\t\t\t\t<div class=\"swiper-pagination\"><\/div>\n\t\t\t\t\t\t\t\t\t<\/div>\n\t\t\t\t<\/div>\n\t\t\t\t<\/div>\n\t\t\t\t\t<\/div>\n\t\t\t\t<\/div>\n\t\t<div class=\"elementor-element elementor-element-d0f430d e-flex e-con-boxed e-con e-parent\" data-id=\"d0f430d\" data-element_type=\"container\" data-settings=\"{&quot;content_width&quot;:&quot;boxed&quot;}\" data-core-v316-plus=\"true\">\n\t\t\t\t\t<div class=\"e-con-inner\">\n\t\t\t\t<div class=\"elementor-element elementor-element-09a017a elementor-widget elementor-widget-heading\" data-id=\"09a017a\" data-element_type=\"widget\" data-widget_type=\"heading.default\">\n\t\t\t\t<div class=\"elementor-widget-container\">\n\t\t\t<h2 class=\"elementor-heading-title elementor-size-default\">Our expertise<\/h2>\t\t<\/div>\n\t\t\t\t<\/div>\n\t\t<div class=\"elementor-element elementor-element-54777d1 e-flex e-con-boxed e-con e-child\" data-id=\"54777d1\" data-element_type=\"container\" data-settings=\"{&quot;content_width&quot;:&quot;boxed&quot;}\">\n\t\t\t\t\t<div class=\"e-con-inner\">\n\t\t\t\t<div class=\"elementor-element elementor-element-8f781da elementor-widget__width-auto elementor-widget elementor-widget-image\" data-id=\"8f781da\" data-element_type=\"widget\" data-widget_type=\"image.default\">\n\t\t\t\t<div class=\"elementor-widget-container\">\n\t\t\t<style>\/*! elementor - v3.16.0 - 12-09-2023 *\/\n.elementor-widget-image{text-align:center}.elementor-widget-image a{display:inline-block}.elementor-widget-image a img[src$=\".svg\"]{width:48px}.elementor-widget-image img{vertical-align:middle;display:inline-block}<\/style>\t\t\t\t\t\t\t\t\t\t\t\t<img loading=\"lazy\" decoding=\"async\" width=\"300\" height=\"86\" src=\"https:\/\/raon-industry.com\/wp-content\/uploads\/2025\/07\/2019_Logo_rgb_RA_Bug-LeftText_color-768x177-5-300x86.png\" class=\"attachment-medium size-medium wp-image-1129\" alt=\"\" srcset=\"https:\/\/raon-industry.com\/wp-content\/uploads\/2025\/07\/2019_Logo_rgb_RA_Bug-LeftText_color-768x177-5-300x86.png 300w, https:\/\/raon-industry.com\/wp-content\/uploads\/2025\/07\/2019_Logo_rgb_RA_Bug-LeftText_color-768x177-5-768x220.png 768w, https:\/\/raon-industry.com\/wp-content\/uploads\/2025\/07\/2019_Logo_rgb_RA_Bug-LeftText_color-768x177-5.png 802w\" sizes=\"auto, (max-width: 300px) 100vw, 300px\" \/>\t\t\t\t\t\t\t\t\t\t\t\t\t\t\t<\/div>\n\t\t\t\t<\/div>\n\t\t\t\t<div class=\"elementor-element elementor-element-7310675 elementor-widget__width-auto elementor-widget elementor-widget-image\" data-id=\"7310675\" data-element_type=\"widget\" data-widget_type=\"image.default\">\n\t\t\t\t<div class=\"elementor-widget-container\">\n\t\t\t\t\t\t\t\t\t\t\t\t\t\t\t<img loading=\"lazy\" decoding=\"async\" width=\"300\" height=\"47\" src=\"https:\/\/raon-industry.com\/wp-content\/uploads\/2023\/09\/GL-SIE-Logo-Siemens-Petrol-RGB-BSH-Reshape-2021-300x47.png\" class=\"attachment-medium size-medium wp-image-95\" alt=\"\" srcset=\"https:\/\/raon-industry.com\/wp-content\/uploads\/2023\/09\/GL-SIE-Logo-Siemens-Petrol-RGB-BSH-Reshape-2021-300x47.png 300w, https:\/\/raon-industry.com\/wp-content\/uploads\/2023\/09\/GL-SIE-Logo-Siemens-Petrol-RGB-BSH-Reshape-2021-1024x162.png 1024w, https:\/\/raon-industry.com\/wp-content\/uploads\/2023\/09\/GL-SIE-Logo-Siemens-Petrol-RGB-BSH-Reshape-2021-768x121.png 768w, https:\/\/raon-industry.com\/wp-content\/uploads\/2023\/09\/GL-SIE-Logo-Siemens-Petrol-RGB-BSH-Reshape-2021-1536x243.png 1536w, https:\/\/raon-industry.com\/wp-content\/uploads\/2023\/09\/GL-SIE-Logo-Siemens-Petrol-RGB-BSH-Reshape-2021-2048x323.png 2048w\" sizes=\"auto, (max-width: 300px) 100vw, 300px\" \/>\t\t\t\t\t\t\t\t\t\t\t\t\t\t\t<\/div>\n\t\t\t\t<\/div>\n\t\t\t\t<div class=\"elementor-element elementor-element-45f8dda elementor-widget__width-auto elementor-widget elementor-widget-image\" data-id=\"45f8dda\" data-element_type=\"widget\" data-widget_type=\"image.default\">\n\t\t\t\t<div class=\"elementor-widget-container\">\n\t\t\t\t\t\t\t\t\t\t\t\t\t\t\t<img loading=\"lazy\" decoding=\"async\" width=\"272\" height=\"161\" src=\"https:\/\/raon-industry.com\/wp-content\/uploads\/2023\/09\/fanuc.png\" class=\"attachment-medium size-medium wp-image-510\" alt=\"\" \/>\t\t\t\t\t\t\t\t\t\t\t\t\t\t\t<\/div>\n\t\t\t\t<\/div>\n\t\t\t\t<div class=\"elementor-element elementor-element-e2fdb02 elementor-widget__width-auto elementor-widget elementor-widget-image\" data-id=\"e2fdb02\" data-element_type=\"widget\" data-widget_type=\"image.default\">\n\t\t\t\t<div class=\"elementor-widget-container\">\n\t\t\t\t\t\t\t\t\t\t\t\t\t\t\t<img loading=\"lazy\" decoding=\"async\" width=\"300\" height=\"225\" src=\"https:\/\/raon-industry.com\/wp-content\/uploads\/2023\/09\/0004103_unitronics-300x225.png\" class=\"attachment-medium size-medium wp-image-502\" alt=\"\" srcset=\"https:\/\/raon-industry.com\/wp-content\/uploads\/2023\/09\/0004103_unitronics-300x225.png 300w, https:\/\/raon-industry.com\/wp-content\/uploads\/2023\/09\/0004103_unitronics.png 720w\" sizes=\"auto, (max-width: 300px) 100vw, 300px\" \/>\t\t\t\t\t\t\t\t\t\t\t\t\t\t\t<\/div>\n\t\t\t\t<\/div>\n\t\t\t\t<div class=\"elementor-element elementor-element-c9f475d elementor-widget__width-auto elementor-widget elementor-widget-image\" data-id=\"c9f475d\" data-element_type=\"widget\" data-widget_type=\"image.default\">\n\t\t\t\t<div class=\"elementor-widget-container\">\n\t\t\t\t\t\t\t\t\t\t\t\t\t\t\t<img loading=\"lazy\" decoding=\"async\" width=\"300\" height=\"119\" src=\"https:\/\/raon-industry.com\/wp-content\/uploads\/2023\/09\/1200px-ABB_logo.svg_-300x119.png\" class=\"attachment-medium size-medium wp-image-498\" alt=\"\" srcset=\"https:\/\/raon-industry.com\/wp-content\/uploads\/2023\/09\/1200px-ABB_logo.svg_-300x119.png 300w, https:\/\/raon-industry.com\/wp-content\/uploads\/2023\/09\/1200px-ABB_logo.svg_-1024x407.png 1024w, https:\/\/raon-industry.com\/wp-content\/uploads\/2023\/09\/1200px-ABB_logo.svg_-768x305.png 768w, https:\/\/raon-industry.com\/wp-content\/uploads\/2023\/09\/1200px-ABB_logo.svg_.png 1200w\" sizes=\"auto, (max-width: 300px) 100vw, 300px\" \/>\t\t\t\t\t\t\t\t\t\t\t\t\t\t\t<\/div>\n\t\t\t\t<\/div>\n\t\t\t\t<div class=\"elementor-element elementor-element-d10dc35 elementor-widget elementor-widget-image\" data-id=\"d10dc35\" data-element_type=\"widget\" data-widget_type=\"image.default\">\n\t\t\t\t<div class=\"elementor-widget-container\">\n\t\t\t\t\t\t\t\t\t\t\t\t\t\t\t<img loading=\"lazy\" decoding=\"async\" width=\"300\" height=\"147\" src=\"https:\/\/raon-industry.com\/wp-content\/uploads\/2025\/07\/logo_yaskawa-2-300x147.png\" class=\"attachment-medium size-medium wp-image-1057\" alt=\"\" srcset=\"https:\/\/raon-industry.com\/wp-content\/uploads\/2025\/07\/logo_yaskawa-2-300x147.png 300w, https:\/\/raon-industry.com\/wp-content\/uploads\/2025\/07\/logo_yaskawa-2.png 600w\" sizes=\"auto, (max-width: 300px) 100vw, 300px\" \/>\t\t\t\t\t\t\t\t\t\t\t\t\t\t\t<\/div>\n\t\t\t\t<\/div>\n\t\t\t\t\t<\/div>\n\t\t\t\t<\/div>\n\t\t\t\t\t<\/div>\n\t\t\t\t<\/div>\n\t\t\t\t\t\t\t<\/div>\n\t\t","protected":false},"excerpt":{"rendered":"<p>Gesteigerte Effizienz, Zukunftssicherheit durch fortschrittliche Automatisierungstechnologie Fortschrittliche Automatisierungssysteme Unser Portfolio umfasst eine breite Palette fortschrittlicher Automatisierungssysteme zur Optimierung der Abl\u00e4ufe in verschiedenen Branchen. Wir bieten ma\u00dfgeschneiderte L\u00f6sungen f\u00fcr Ihre spezifischen Anforderungen. Innovative Robotik Wir nutzen die neuesten Fortschritte in der Robotik und integrieren kollaborative Roboter (Cobots), die Seite an Seite mit menschlichen Mitarbeitern arbeiten und [&hellip;]<\/p>\n","protected":false},"author":1,"featured_media":0,"parent":0,"menu_order":0,"comment_status":"closed","ping_status":"closed","template":"elementor_header_footer","meta":{"footnotes":""},"class_list":["post-581","page","type-page","status-publish","hentry"],"_links":{"self":[{"href":"https:\/\/raon-industry.com\/de\/wp-json\/wp\/v2\/pages\/581","targetHints":{"allow":["GET"]}}],"collection":[{"href":"https:\/\/raon-industry.com\/de\/wp-json\/wp\/v2\/pages"}],"about":[{"href":"https:\/\/raon-industry.com\/de\/wp-json\/wp\/v2\/types\/page"}],"author":[{"embeddable":true,"href":"https:\/\/raon-industry.com\/de\/wp-json\/wp\/v2\/users\/1"}],"replies":[{"embeddable":true,"href":"https:\/\/raon-industry.com\/de\/wp-json\/wp\/v2\/comments?post=581"}],"version-history":[{"count":48,"href":"https:\/\/raon-industry.com\/de\/wp-json\/wp\/v2\/pages\/581\/revisions"}],"predecessor-version":[{"id":1135,"href":"https:\/\/raon-industry.com\/de\/wp-json\/wp\/v2\/pages\/581\/revisions\/1135"}],"wp:attachment":[{"href":"https:\/\/raon-industry.com\/de\/wp-json\/wp\/v2\/media?parent=581"}],"curies":[{"name":"wp","href":"https:\/\/api.w.org\/{rel}","templated":true}]}}