{"id":588,"date":"2023-09-12T14:26:07","date_gmt":"2023-09-12T14:26:07","guid":{"rendered":"https:\/\/raon.hr\/about-us\/"},"modified":"2023-10-02T11:02:41","modified_gmt":"2023-10-02T11:02:41","slug":"about-us","status":"publish","type":"page","link":"https:\/\/raon-industry.com\/de\/about-us\/","title":{"rendered":"About us"},"content":{"rendered":"\t\t<div data-elementor-type=\"wp-page\" data-elementor-id=\"588\" class=\"elementor elementor-588\">\n\t\t\t\t\t\t\t<div class=\"elementor-element elementor-element-d103052 e-flex e-con-boxed e-con e-parent\" data-id=\"d103052\" data-element_type=\"container\" data-settings=\"{&quot;content_width&quot;:&quot;boxed&quot;}\" data-core-v316-plus=\"true\">\n\t\t\t\t\t<div class=\"e-con-inner\">\n\t\t\t\t<div class=\"elementor-element elementor-element-8966a76 elementor-widget elementor-widget-heading\" data-id=\"8966a76\" data-element_type=\"widget\" data-widget_type=\"heading.default\">\n\t\t\t\t<div class=\"elementor-widget-container\">\n\t\t\t<style>\/*! elementor - v3.16.0 - 12-09-2023 *\/\n.elementor-heading-title{padding:0;margin:0;line-height:1}.elementor-widget-heading .elementor-heading-title[class*=elementor-size-]>a{color:inherit;font-size:inherit;line-height:inherit}.elementor-widget-heading .elementor-heading-title.elementor-size-small{font-size:15px}.elementor-widget-heading .elementor-heading-title.elementor-size-medium{font-size:19px}.elementor-widget-heading .elementor-heading-title.elementor-size-large{font-size:29px}.elementor-widget-heading .elementor-heading-title.elementor-size-xl{font-size:39px}.elementor-widget-heading .elementor-heading-title.elementor-size-xxl{font-size:59px}<\/style><h2 class=\"elementor-heading-title elementor-size-default\">\u00dcber uns<\/h2>\t\t<\/div>\n\t\t\t\t<\/div>\n\t\t\t\t\t<\/div>\n\t\t\t\t<\/div>\n\t\t<div class=\"elementor-element elementor-element-d2422dc e-flex e-con-boxed e-con e-parent\" data-id=\"d2422dc\" data-element_type=\"container\" data-settings=\"{&quot;content_width&quot;:&quot;boxed&quot;}\" data-core-v316-plus=\"true\">\n\t\t\t\t\t<div class=\"e-con-inner\">\n\t\t\t\t<div class=\"elementor-element elementor-element-97767ff elementor-widget elementor-widget-text-editor\" data-id=\"97767ff\" data-element_type=\"widget\" data-widget_type=\"text-editor.default\">\n\t\t\t\t<div class=\"elementor-widget-container\">\n\t\t\t<style>\/*! elementor - v3.16.0 - 12-09-2023 *\/\n.elementor-widget-text-editor.elementor-drop-cap-view-stacked .elementor-drop-cap{background-color:#69727d;color:#fff}.elementor-widget-text-editor.elementor-drop-cap-view-framed .elementor-drop-cap{color:#69727d;border:3px solid;background-color:transparent}.elementor-widget-text-editor:not(.elementor-drop-cap-view-default) .elementor-drop-cap{margin-top:8px}.elementor-widget-text-editor:not(.elementor-drop-cap-view-default) .elementor-drop-cap-letter{width:1em;height:1em}.elementor-widget-text-editor .elementor-drop-cap{float:left;text-align:center;line-height:1;font-size:50px}.elementor-widget-text-editor .elementor-drop-cap-letter{display:inline-block}<\/style>\t\t\t\t<p class=\"p1\">Bei RAON stehen wir an der Spitze einer neuen \u00c4ra der industriellen Automatisierung. Mit Leidenschaft f\u00fcr Innovation und der Verpflichtung zu Spitzenleistungen setzen wir uns daf\u00fcr ein, die Arbeitsweise von Branchen zu ver\u00e4ndern. Unsere hochmodernen L\u00f6sungen erm\u00f6glichen es Unternehmen, ihre Prozesse zu optimieren, die Effizienz zu steigern und ein beispielloses Produktivit\u00e4tsniveau zu erreichen.<\/p>\n<p class=\"p1\"><strong>Unsere Vision<\/strong> ist klar: Wir wollen die industrielle Automatisierung revolutionieren, indem wir modernste Technologie mit beispiellosem Fachwissen vereinen. Wir stellen uns eine Welt vor, in der Maschinen und Systeme nahtlos zusammenarbeiten, sich wiederholende Aufgaben automatisiert werden und das menschliche Potenzial freigesetzt wird, um sich auf Kreativit\u00e4t und strategische Entscheidungen zu konzentrieren.<\/p>\n<p class=\"p1\"><b>Hauptfunktionen:<\/b><\/p>\n\n<ol class=\"ol1\">\n  <li class=\"li1\"><b>Erweiterte Automatisierungssysteme:<\/b> Unser Portfolio umfasst eine breite Palette fortschrittlicher Automatisierungssysteme, die darauf ausgelegt sind, Abl\u00e4ufe in verschiedenen Branchen zu rationalisieren. Wir bieten ma\u00dfgeschneiderte L\u00f6sungen f\u00fcr Ihre spezifischen Anforderungen.<\/li>\n  <li class=\"li1\"><b>Innovative Robotik:<\/b> Wir nutzen die neuesten Fortschritte in der Robotik und integrieren kollaborative Roboter (Cobots), die mit menschlichen Mitarbeitern zusammenarbeiten und so sowohl die Produktivit\u00e4t als auch die Sicherheit am Arbeitsplatz verbessern.<\/li>\n  <li class=\"li1\"><b>Intelligente IoT-Integration:<\/b> Unsere L\u00f6sungen nutzen die Leistungsf\u00e4higkeit des Internets der Dinge (IoT), um miteinander verbundene \u00d6kosysteme zu schaffen, die Dateneinblicke in Echtzeit liefern. \u00dcberwachen, steuern und optimieren Sie Prozesse aus der Ferne und verschaffen Sie sich so einen Wettbewerbsvorteil in der schnelllebigen Gesch\u00e4ftswelt von heute.<\/li>\n  <li class=\"li1\"><b>Datengesteuerte Erkenntnisse:<\/b> Nutzen Sie das Potenzial von Daten durch unsere fortschrittlichen Analysetools. Gewinnen Sie wertvolle Erkenntnisse aus Ihrem Betrieb und erm\u00f6glichen Sie so eine fundierte Entscheidungsfindung, vorausschauende Wartung und kontinuierliche Verbesserung.<\/li>\n  <li class=\"li1\"><b>Anpassung und Skalierbarkeit:<\/b> Wir verstehen, dass jedes Unternehmen einzigartig ist. Unsere L\u00f6sungen sind hochgradig anpassbar, um sie an Ihre spezifischen Anforderungen anzupassen. Dar\u00fcber hinaus passen sich unsere Systeme nahtlos an Ihre Anforderungen an, wenn Ihr Betrieb w\u00e4chst.<\/li>\n<\/ol>\t\t\t\t\t\t<\/div>\n\t\t\t\t<\/div>\n\t\t\t\t\t<\/div>\n\t\t\t\t<\/div>\n\t\t<div class=\"elementor-element elementor-element-a41d2c6 e-flex e-con-boxed e-con e-parent\" data-id=\"a41d2c6\" data-element_type=\"container\" data-settings=\"{&quot;content_width&quot;:&quot;boxed&quot;}\" data-core-v316-plus=\"true\">\n\t\t\t\t\t<div class=\"e-con-inner\">\n\t\t\t\t<div class=\"elementor-element elementor-element-30649ac elementor-widget elementor-widget-image\" data-id=\"30649ac\" data-element_type=\"widget\" data-widget_type=\"image.default\">\n\t\t\t\t<div class=\"elementor-widget-container\">\n\t\t\t<style>\/*! elementor - v3.16.0 - 12-09-2023 *\/\n.elementor-widget-image{text-align:center}.elementor-widget-image a{display:inline-block}.elementor-widget-image a img[src$=\".svg\"]{width:48px}.elementor-widget-image img{vertical-align:middle;display:inline-block}<\/style>\t\t\t\t\t\t\t\t\t\t\t\t<img loading=\"lazy\" decoding=\"async\" width=\"300\" height=\"203\" src=\"https:\/\/raon-industry.com\/wp-content\/uploads\/2023\/09\/csm_N-SMS2821-002_085-50MN-Strangpresse_-Dornschmierroboter_-Scheibenroboter_b42d866eb8-300x203.png\" class=\"attachment-medium size-medium wp-image-477\" alt=\"\" srcset=\"https:\/\/raon-industry.com\/wp-content\/uploads\/2023\/09\/csm_N-SMS2821-002_085-50MN-Strangpresse_-Dornschmierroboter_-Scheibenroboter_b42d866eb8-300x203.png 300w, https:\/\/raon-industry.com\/wp-content\/uploads\/2023\/09\/csm_N-SMS2821-002_085-50MN-Strangpresse_-Dornschmierroboter_-Scheibenroboter_b42d866eb8-1024x692.png 1024w, https:\/\/raon-industry.com\/wp-content\/uploads\/2023\/09\/csm_N-SMS2821-002_085-50MN-Strangpresse_-Dornschmierroboter_-Scheibenroboter_b42d866eb8-768x519.png 768w, https:\/\/raon-industry.com\/wp-content\/uploads\/2023\/09\/csm_N-SMS2821-002_085-50MN-Strangpresse_-Dornschmierroboter_-Scheibenroboter_b42d866eb8.png 1500w\" sizes=\"auto, (max-width: 300px) 100vw, 300px\" \/>\t\t\t\t\t\t\t\t\t\t\t\t\t\t\t<\/div>\n\t\t\t\t<\/div>\n\t\t\t\t<div class=\"elementor-element elementor-element-7edfd03 elementor-widget elementor-widget-image\" data-id=\"7edfd03\" data-element_type=\"widget\" data-widget_type=\"image.default\">\n\t\t\t\t<div class=\"elementor-widget-container\">\n\t\t\t\t\t\t\t\t\t\t\t\t\t\t\t<img loading=\"lazy\" decoding=\"async\" width=\"300\" height=\"209\" src=\"https:\/\/raon-industry.com\/wp-content\/uploads\/2023\/09\/csm_Spinner-blocks_4c23fc17b5-300x209.png\" class=\"attachment-medium size-medium wp-image-473\" alt=\"\" srcset=\"https:\/\/raon-industry.com\/wp-content\/uploads\/2023\/09\/csm_Spinner-blocks_4c23fc17b5-300x209.png 300w, https:\/\/raon-industry.com\/wp-content\/uploads\/2023\/09\/csm_Spinner-blocks_4c23fc17b5-1024x715.png 1024w, https:\/\/raon-industry.com\/wp-content\/uploads\/2023\/09\/csm_Spinner-blocks_4c23fc17b5-768x536.png 768w, https:\/\/raon-industry.com\/wp-content\/uploads\/2023\/09\/csm_Spinner-blocks_4c23fc17b5.png 1500w\" sizes=\"auto, (max-width: 300px) 100vw, 300px\" \/>\t\t\t\t\t\t\t\t\t\t\t\t\t\t\t<\/div>\n\t\t\t\t<\/div>\n\t\t\t\t<div class=\"elementor-element elementor-element-d8b4e3c elementor-widget elementor-widget-image\" data-id=\"d8b4e3c\" data-element_type=\"widget\" data-widget_type=\"image.default\">\n\t\t\t\t<div class=\"elementor-widget-container\">\n\t\t\t\t\t\t\t\t\t\t\t\t\t\t\t<img loading=\"lazy\" decoding=\"async\" width=\"225\" height=\"300\" src=\"https:\/\/raon-industry.com\/wp-content\/uploads\/2023\/09\/Slika_35-225x300.jpg\" class=\"attachment-medium size-medium wp-image-214\" alt=\"\" srcset=\"https:\/\/raon-industry.com\/wp-content\/uploads\/2023\/09\/Slika_35-225x300.jpg 225w, https:\/\/raon-industry.com\/wp-content\/uploads\/2023\/09\/Slika_35-768x1024.jpg 768w, https:\/\/raon-industry.com\/wp-content\/uploads\/2023\/09\/Slika_35-1152x1536.jpg 1152w, https:\/\/raon-industry.com\/wp-content\/uploads\/2023\/09\/Slika_35-1536x2048.jpg 1536w, https:\/\/raon-industry.com\/wp-content\/uploads\/2023\/09\/Slika_35-scaled.jpg 1920w\" sizes=\"auto, (max-width: 225px) 100vw, 225px\" \/>\t\t\t\t\t\t\t\t\t\t\t\t\t\t\t<\/div>\n\t\t\t\t<\/div>\n\t\t\t\t\t<\/div>\n\t\t\t\t<\/div>\n\t\t<div class=\"elementor-element elementor-element-2acad17 e-flex e-con-boxed e-con e-parent\" data-id=\"2acad17\" data-element_type=\"container\" data-settings=\"{&quot;content_width&quot;:&quot;boxed&quot;}\" data-core-v316-plus=\"true\">\n\t\t\t\t\t<div class=\"e-con-inner\">\n\t\t\t\t<div class=\"elementor-element elementor-element-83d3972 elementor-widget elementor-widget-text-editor\" data-id=\"83d3972\" data-element_type=\"widget\" data-widget_type=\"text-editor.default\">\n\t\t\t\t<div class=\"elementor-widget-container\">\n\t\t\t\t\t\t\t<p class=\"p1\"><b>Warum RAON w\u00e4hlen?<\/b><\/p>\n\n<ol class=\"ol1\">\n  <li class=\"li1\"><b>Expertise:<\/b> Unser Team besteht aus Branchenveteranen und Experten, die die Feinheiten der industriellen Automatisierung verstehen. Mit einer nachgewiesenen Erfolgsbilanz bringen wir beispielloses Wissen in jedes Projekt ein.<\/li>\n  <li class=\"li1\"><b>Innovation:<\/b> Wir leben von Innovation und suchen st\u00e4ndig nach neuen Wegen, um Grenzen zu \u00fcberschreiten und Herausforderungen zu l\u00f6sen. Wenn Sie sich f\u00fcr uns entscheiden, arbeiten Sie mit einem Unternehmen zusammen, das sich niemals mit dem Status quo zufrieden gibt.<\/li>\n  <li class=\"li1\"><b>Zuverl\u00e4ssigkeit:<\/b> Wir sind stolz darauf, L\u00f6sungen zu liefern, die vom ersten Tag an reibungslos funktionieren. Unser Qualit\u00e4tsanspruch stellt sicher, dass Sie sich bei gesch\u00e4ftskritischen Vorg\u00e4ngen auf unsere Systeme verlassen k\u00f6nnen.<\/li>\n  <li class=\"li1\"><b>Langfristige Partnerschaft:<\/b> Ihr Erfolg ist unser Erfolg. Wir kn\u00fcpfen langfristige Partnerschaften mit unseren Kunden und bieten fortlaufenden Support, Updates und Anpassungen, um Ihre Automatisierungsinfrastruktur auch in den kommenden Jahren optimal zu halten.<\/li>\n<\/ol>\n<p class=\"p1\"><b>\nBranchen, die wir bedienen:<\/b><\/p>\n\n<ul class=\"ul1\">\n  <li class=\"li1\">Fertigung und Montage<\/li>\n  <li class=\"li1\">Logistik und Lieferkette<\/li>\n  <li class=\"li1\">Stahl und Kupfer<\/li>\n  <li class=\"li1\">Energie und Versorgung<\/li>\n  <li class=\"li1\">Automobil<\/li>\n  <li>Lebensmittel- und Getr\u00e4nkeindustrie<\/li>\n  <li>Pharmazeutische Industrie<\/li>\n<\/ul>\n<p class=\"p1\"><b>Fazit:<\/b><\/p>\n<p class=\"p1\">Bei RAON bieten wir nicht nur industrielle Automatisierungsl\u00f6sungen an \u2013 wir l\u00e4uten eine neue \u00c4ra der Effizienz, Produktivit\u00e4t und Innovation ein. Begleiten Sie uns auf dieser transformativen Reise, w\u00e4hrend wir gemeinsam die Zukunft der Branchen gestalten. Kontaktieren Sie uns noch heute, um herauszufinden, wie unsere L\u00f6sungen Ihr Unternehmen auf ein neues Niveau bringen k\u00f6nnen.<\/p>\t\t\t\t\t\t<\/div>\n\t\t\t\t<\/div>\n\t\t\t\t\t<\/div>\n\t\t\t\t<\/div>\n\t\t\t\t\t\t\t<\/div>\n\t\t","protected":false},"excerpt":{"rendered":"<p>\u00dcber uns Bei RAON stehen wir an der Spitze einer neuen \u00c4ra der industriellen Automatisierung. Mit Leidenschaft f\u00fcr Innovation und der Verpflichtung zu Spitzenleistungen setzen wir uns daf\u00fcr ein, die Arbeitsweise von Branchen zu ver\u00e4ndern. Unsere hochmodernen L\u00f6sungen erm\u00f6glichen es Unternehmen, ihre Prozesse zu optimieren, die Effizienz zu steigern und ein beispielloses Produktivit\u00e4tsniveau zu erreichen. [&hellip;]<\/p>\n","protected":false},"author":1,"featured_media":0,"parent":0,"menu_order":0,"comment_status":"closed","ping_status":"closed","template":"elementor_header_footer","meta":{"footnotes":""},"class_list":["post-588","page","type-page","status-publish","hentry"],"_links":{"self":[{"href":"https:\/\/raon-industry.com\/de\/wp-json\/wp\/v2\/pages\/588","targetHints":{"allow":["GET"]}}],"collection":[{"href":"https:\/\/raon-industry.com\/de\/wp-json\/wp\/v2\/pages"}],"about":[{"href":"https:\/\/raon-industry.com\/de\/wp-json\/wp\/v2\/types\/page"}],"author":[{"embeddable":true,"href":"https:\/\/raon-industry.com\/de\/wp-json\/wp\/v2\/users\/1"}],"replies":[{"embeddable":true,"href":"https:\/\/raon-industry.com\/de\/wp-json\/wp\/v2\/comments?post=588"}],"version-history":[{"count":21,"href":"https:\/\/raon-industry.com\/de\/wp-json\/wp\/v2\/pages\/588\/revisions"}],"predecessor-version":[{"id":897,"href":"https:\/\/raon-industry.com\/de\/wp-json\/wp\/v2\/pages\/588\/revisions\/897"}],"wp:attachment":[{"href":"https:\/\/raon-industry.com\/de\/wp-json\/wp\/v2\/media?parent=588"}],"curies":[{"name":"wp","href":"https:\/\/api.w.org\/{rel}","templated":true}]}}