{"id":593,"date":"2023-09-12T14:27:05","date_gmt":"2023-09-12T14:27:05","guid":{"rendered":"https:\/\/raon.hr\/our-work\/"},"modified":"2023-09-14T21:26:56","modified_gmt":"2023-09-14T21:26:56","slug":"our-work","status":"publish","type":"page","link":"https:\/\/raon-industry.com\/de\/our-work\/","title":{"rendered":"Our work"},"content":{"rendered":"\t\t<div data-elementor-type=\"wp-page\" data-elementor-id=\"593\" class=\"elementor elementor-593\">\n\t\t\t\t\t\t\t<div class=\"elementor-element elementor-element-ded04bd e-flex e-con-boxed e-con e-parent\" data-id=\"ded04bd\" data-element_type=\"container\" data-settings=\"{&quot;content_width&quot;:&quot;boxed&quot;}\" data-core-v316-plus=\"true\">\n\t\t\t\t\t<div class=\"e-con-inner\">\n\t\t\t\t<div class=\"elementor-element elementor-element-d64d84a elementor-widget elementor-widget-heading\" data-id=\"d64d84a\" data-element_type=\"widget\" data-widget_type=\"heading.default\">\n\t\t\t\t<div class=\"elementor-widget-container\">\n\t\t\t<style>\/*! elementor - v3.16.0 - 12-09-2023 *\/\n.elementor-heading-title{padding:0;margin:0;line-height:1}.elementor-widget-heading .elementor-heading-title[class*=elementor-size-]>a{color:inherit;font-size:inherit;line-height:inherit}.elementor-widget-heading .elementor-heading-title.elementor-size-small{font-size:15px}.elementor-widget-heading .elementor-heading-title.elementor-size-medium{font-size:19px}.elementor-widget-heading .elementor-heading-title.elementor-size-large{font-size:29px}.elementor-widget-heading .elementor-heading-title.elementor-size-xl{font-size:39px}.elementor-widget-heading .elementor-heading-title.elementor-size-xxl{font-size:59px}<\/style><h2 class=\"elementor-heading-title elementor-size-default\">Industrielle Automatisierung<\/h2>\t\t<\/div>\n\t\t\t\t<\/div>\n\t\t\t\t\t<\/div>\n\t\t\t\t<\/div>\n\t\t<div class=\"elementor-element elementor-element-d3831dc e-flex e-con-boxed e-con e-parent\" data-id=\"d3831dc\" data-element_type=\"container\" data-settings=\"{&quot;content_width&quot;:&quot;boxed&quot;}\" data-core-v316-plus=\"true\">\n\t\t\t\t\t<div class=\"e-con-inner\">\n\t\t\t\t<div class=\"elementor-element elementor-element-9710554 elementor-widget elementor-widget-text-editor\" data-id=\"9710554\" data-element_type=\"widget\" data-widget_type=\"text-editor.default\">\n\t\t\t\t<div class=\"elementor-widget-container\">\n\t\t\t<style>\/*! elementor - v3.16.0 - 12-09-2023 *\/\n.elementor-widget-text-editor.elementor-drop-cap-view-stacked .elementor-drop-cap{background-color:#69727d;color:#fff}.elementor-widget-text-editor.elementor-drop-cap-view-framed .elementor-drop-cap{color:#69727d;border:3px solid;background-color:transparent}.elementor-widget-text-editor:not(.elementor-drop-cap-view-default) .elementor-drop-cap{margin-top:8px}.elementor-widget-text-editor:not(.elementor-drop-cap-view-default) .elementor-drop-cap-letter{width:1em;height:1em}.elementor-widget-text-editor .elementor-drop-cap{float:left;text-align:center;line-height:1;font-size:50px}.elementor-widget-text-editor .elementor-drop-cap-letter{display:inline-block}<\/style>\t\t\t\t<p>Zum Team Industrial Automation geh\u00f6ren Manager und Ingenieure aus verschiedenen Bereichen der Wirtschaft und des Ingenieurwesens, die \u00fcber umfangreiche Erfahrung mit starken, vielf\u00e4ltigen F\u00e4higkeiten, Entwicklungsf\u00e4higkeiten und Unternehmergeist verf\u00fcgen. Daher \u00f6ffnen die oben genannten Erfahrungen und Interessen immer die T\u00fcr zu neuen Einsatzgebieten und neuen Herausforderungen. Unser Team deckt kompetent alle Phasen ab, die f\u00fcr den erfolgreichen Abschluss des Projekts erforderlich sind, von Vorstudien, Projektentwurf, Bau und Projektmanagement, Projektumsetzung bis hin zur endg\u00fcltigen Inbetriebnahme. Da unser Hauptaugenmerk auf langfristigen Kundenbeziehungen liegt, bieten wir Service, Support und vorbeugende Wartung.<\/p><p>Der Schl\u00fcssel zum Erfolg in jedem Unternehmen liegt darin, die richtigen Leute zusammenzubringen und an Bord zu bringen. Das Gleiche gilt f\u00fcr jedes Intelligent-Automation-Projekt. Der Schl\u00fcssel zum Erfolg eines Projekts liegt in der Zusammenarbeit, Kommunikation und Verteilung der Verantwortlichkeiten innerhalb des Teams. F\u00fchrungskr\u00e4fte m\u00fcssen die richtigen Teams zusammenstellen, die richtigen Akteure ausw\u00e4hlen, die F\u00e4higkeiten entwickeln und ein Kompetenzzentrum organisieren, um Automatisierungsprojekte in einer Industrie erfolgreich umzusetzen.<\/p>\t\t\t\t\t\t<\/div>\n\t\t\t\t<\/div>\n\t\t\t\t<div class=\"elementor-element elementor-element-2e5d131 elementor-widget elementor-widget-image\" data-id=\"2e5d131\" data-element_type=\"widget\" data-widget_type=\"image.default\">\n\t\t\t\t<div class=\"elementor-widget-container\">\n\t\t\t<style>\/*! elementor - v3.16.0 - 12-09-2023 *\/\n.elementor-widget-image{text-align:center}.elementor-widget-image a{display:inline-block}.elementor-widget-image a img[src$=\".svg\"]{width:48px}.elementor-widget-image img{vertical-align:middle;display:inline-block}<\/style>\t\t\t\t\t\t\t\t\t\t\t\t<img loading=\"lazy\" decoding=\"async\" width=\"225\" height=\"300\" src=\"https:\/\/raon-industry.com\/wp-content\/uploads\/2023\/09\/Slika_35-225x300.jpg\" class=\"attachment-medium size-medium wp-image-214\" alt=\"\" srcset=\"https:\/\/raon-industry.com\/wp-content\/uploads\/2023\/09\/Slika_35-225x300.jpg 225w, https:\/\/raon-industry.com\/wp-content\/uploads\/2023\/09\/Slika_35-768x1024.jpg 768w, https:\/\/raon-industry.com\/wp-content\/uploads\/2023\/09\/Slika_35-1152x1536.jpg 1152w, https:\/\/raon-industry.com\/wp-content\/uploads\/2023\/09\/Slika_35-1536x2048.jpg 1536w, https:\/\/raon-industry.com\/wp-content\/uploads\/2023\/09\/Slika_35-scaled.jpg 1920w\" sizes=\"auto, (max-width: 225px) 100vw, 225px\" \/>\t\t\t\t\t\t\t\t\t\t\t\t\t\t\t<\/div>\n\t\t\t\t<\/div>\n\t\t\t\t\t<\/div>\n\t\t\t\t<\/div>\n\t\t<div class=\"elementor-element elementor-element-cf07028 e-flex e-con-boxed e-con e-parent\" data-id=\"cf07028\" data-element_type=\"container\" data-settings=\"{&quot;content_width&quot;:&quot;boxed&quot;}\" data-core-v316-plus=\"true\">\n\t\t\t\t\t<div class=\"e-con-inner\">\n\t\t\t\t<div class=\"elementor-element elementor-element-16a8e0d elementor-widget elementor-widget-text-editor\" data-id=\"16a8e0d\" data-element_type=\"widget\" data-widget_type=\"text-editor.default\">\n\t\t\t\t<div class=\"elementor-widget-container\">\n\t\t\t\t\t\t\t<p>Wir bieten:<\/p><ul><li>schl\u00fcsselfertige L\u00f6sungen<\/li><li>Entwicklung kundenspezifischer Soft- und Hardware<\/li><li>Inbetriebnahme und Test<\/li><li>Einfache und detaillierte Designs<\/li><li>Programmierung und Parametrierung programmierbarer Ger\u00e4te<\/li><li>Simulation eines Prozesses oder einer Maschine in Unity-Software oder Siemens SIMIT<\/li><li>Montage, Installation und Anschluss der Ger\u00e4te vor Ort<\/li><li>Schulung des Kundenpersonals.<\/li><\/ul><div>\u00a0<\/div><p>Die von uns bereitgestellte Expertise ist:<\/p><ul><li>Software (L1, L2 und L3) Entwicklung und Implementierung<\/li><li>Elektro-Hardware-Engineering und -Installation<\/li><li>Installation und Inbetriebnahme von Wechselrichtern (Antrieben)<\/li><li>Hydraulische, elektrische und mechanische \u00dcberwachung<\/li><li>Technischer Support in allen genannten Bereichen.<\/li><li>Industrielle IoT-L\u00f6sung und Big-Data-Analyse<\/li><li>Industrielle Konnektivit\u00e4t f\u00fcr die digitale Transformation (MES und SCADA)<\/li><\/ul>\t\t\t\t\t\t<\/div>\n\t\t\t\t<\/div>\n\t\t\t\t<div class=\"elementor-element elementor-element-22079df elementor-widget elementor-widget-image\" data-id=\"22079df\" data-element_type=\"widget\" data-widget_type=\"image.default\">\n\t\t\t\t<div class=\"elementor-widget-container\">\n\t\t\t\t\t\t\t\t\t\t\t\t\t\t\t<img decoding=\"async\" src=\"https:\/\/raon-industry.com\/wp-content\/uploads\/elementor\/thumbs\/Screenshot-2023-07-27-131924-qd5uf5460ihs32ribeim5jxl9w0utpv1eqrfnsvh52.png\" title=\"Screenshot 2023-07-27 131924\" alt=\"Screenshot 2023-07-27 131924\" loading=\"lazy\" \/>\t\t\t\t\t\t\t\t\t\t\t\t\t\t\t<\/div>\n\t\t\t\t<\/div>\n\t\t\t\t\t<\/div>\n\t\t\t\t<\/div>\n\t\t\t\t\t\t\t<\/div>\n\t\t","protected":false},"excerpt":{"rendered":"<p>Industrielle Automatisierung Zum Team Industrial Automation geh\u00f6ren Manager und Ingenieure aus verschiedenen Bereichen der Wirtschaft und des Ingenieurwesens, die \u00fcber umfangreiche Erfahrung mit starken, vielf\u00e4ltigen F\u00e4higkeiten, Entwicklungsf\u00e4higkeiten und Unternehmergeist verf\u00fcgen. Daher \u00f6ffnen die oben genannten Erfahrungen und Interessen immer die T\u00fcr zu neuen Einsatzgebieten und neuen Herausforderungen. Unser Team deckt kompetent alle Phasen ab, die [&hellip;]<\/p>\n","protected":false},"author":1,"featured_media":0,"parent":0,"menu_order":0,"comment_status":"closed","ping_status":"closed","template":"elementor_header_footer","meta":{"footnotes":""},"class_list":["post-593","page","type-page","status-publish","hentry"],"_links":{"self":[{"href":"https:\/\/raon-industry.com\/de\/wp-json\/wp\/v2\/pages\/593","targetHints":{"allow":["GET"]}}],"collection":[{"href":"https:\/\/raon-industry.com\/de\/wp-json\/wp\/v2\/pages"}],"about":[{"href":"https:\/\/raon-industry.com\/de\/wp-json\/wp\/v2\/types\/page"}],"author":[{"embeddable":true,"href":"https:\/\/raon-industry.com\/de\/wp-json\/wp\/v2\/users\/1"}],"replies":[{"embeddable":true,"href":"https:\/\/raon-industry.com\/de\/wp-json\/wp\/v2\/comments?post=593"}],"version-history":[{"count":6,"href":"https:\/\/raon-industry.com\/de\/wp-json\/wp\/v2\/pages\/593\/revisions"}],"predecessor-version":[{"id":599,"href":"https:\/\/raon-industry.com\/de\/wp-json\/wp\/v2\/pages\/593\/revisions\/599"}],"wp:attachment":[{"href":"https:\/\/raon-industry.com\/de\/wp-json\/wp\/v2\/media?parent=593"}],"curies":[{"name":"wp","href":"https:\/\/api.w.org\/{rel}","templated":true}]}}