{"id":601,"date":"2023-09-12T14:26:48","date_gmt":"2023-09-12T14:26:48","guid":{"rendered":"https:\/\/raon.hr\/references\/"},"modified":"2023-09-18T09:29:01","modified_gmt":"2023-09-18T09:29:01","slug":"references","status":"publish","type":"page","link":"https:\/\/raon-industry.com\/de\/references\/","title":{"rendered":"References"},"content":{"rendered":"\t\t<div data-elementor-type=\"wp-page\" data-elementor-id=\"601\" class=\"elementor elementor-601\">\n\t\t\t\t\t\t\t<div class=\"elementor-element elementor-element-dde1eac e-flex e-con-boxed e-con e-parent\" data-id=\"dde1eac\" data-element_type=\"container\" data-settings=\"{&quot;content_width&quot;:&quot;boxed&quot;}\" data-core-v316-plus=\"true\">\n\t\t\t\t\t<div class=\"e-con-inner\">\n\t\t\t\t<div class=\"elementor-element elementor-element-7036c00 elementor-widget elementor-widget-heading\" data-id=\"7036c00\" data-element_type=\"widget\" data-widget_type=\"heading.default\">\n\t\t\t\t<div class=\"elementor-widget-container\">\n\t\t\t<style>\/*! elementor - v3.16.0 - 12-09-2023 *\/\n.elementor-heading-title{padding:0;margin:0;line-height:1}.elementor-widget-heading .elementor-heading-title[class*=elementor-size-]>a{color:inherit;font-size:inherit;line-height:inherit}.elementor-widget-heading .elementor-heading-title.elementor-size-small{font-size:15px}.elementor-widget-heading .elementor-heading-title.elementor-size-medium{font-size:19px}.elementor-widget-heading .elementor-heading-title.elementor-size-large{font-size:29px}.elementor-widget-heading .elementor-heading-title.elementor-size-xl{font-size:39px}.elementor-widget-heading .elementor-heading-title.elementor-size-xxl{font-size:59px}<\/style><h2 class=\"elementor-heading-title elementor-size-default\">Verweise<\/h2>\t\t<\/div>\n\t\t\t\t<\/div>\n\t\t\t\t\t<\/div>\n\t\t\t\t<\/div>\n\t\t<div class=\"elementor-element elementor-element-e61febc e-flex e-con-boxed e-con e-parent\" data-id=\"e61febc\" data-element_type=\"container\" data-settings=\"{&quot;content_width&quot;:&quot;boxed&quot;}\" data-core-v316-plus=\"true\">\n\t\t\t\t\t<div class=\"e-con-inner\">\n\t\t\t\t<div class=\"elementor-element elementor-element-5633561 elementor-widget elementor-widget-image\" data-id=\"5633561\" data-element_type=\"widget\" data-widget_type=\"image.default\">\n\t\t\t\t<div class=\"elementor-widget-container\">\n\t\t\t<style>\/*! elementor - v3.16.0 - 12-09-2023 *\/\n.elementor-widget-image{text-align:center}.elementor-widget-image a{display:inline-block}.elementor-widget-image a img[src$=\".svg\"]{width:48px}.elementor-widget-image img{vertical-align:middle;display:inline-block}<\/style>\t\t\t\t\t\t\t\t\t\t\t\t<img loading=\"lazy\" decoding=\"async\" width=\"1536\" height=\"788\" src=\"https:\/\/raon-industry.com\/wp-content\/uploads\/2023\/09\/MapChart_Map-1-1536x788.png\" class=\"attachment-1536x1536 size-1536x1536 wp-image-410\" alt=\"\" srcset=\"https:\/\/raon-industry.com\/wp-content\/uploads\/2023\/09\/MapChart_Map-1-1536x788.png 1536w, https:\/\/raon-industry.com\/wp-content\/uploads\/2023\/09\/MapChart_Map-1-300x154.png 300w, https:\/\/raon-industry.com\/wp-content\/uploads\/2023\/09\/MapChart_Map-1-1024x525.png 1024w, https:\/\/raon-industry.com\/wp-content\/uploads\/2023\/09\/MapChart_Map-1-768x394.png 768w, https:\/\/raon-industry.com\/wp-content\/uploads\/2023\/09\/MapChart_Map-1-2048x1051.png 2048w\" sizes=\"auto, (max-width: 1536px) 100vw, 1536px\" \/>\t\t\t\t\t\t\t\t\t\t\t\t\t\t\t<\/div>\n\t\t\t\t<\/div>\n\t\t\t\t\t<\/div>\n\t\t\t\t<\/div>\n\t\t<div class=\"elementor-element elementor-element-1477593 e-flex e-con-boxed e-con e-parent\" data-id=\"1477593\" data-element_type=\"container\" data-settings=\"{&quot;content_width&quot;:&quot;boxed&quot;}\" data-core-v316-plus=\"true\">\n\t\t\t\t\t<div class=\"e-con-inner\">\n\t\t\t\t<div class=\"elementor-element elementor-element-6bdf4b2 elementor-widget elementor-widget-text-editor\" data-id=\"6bdf4b2\" data-element_type=\"widget\" data-widget_type=\"text-editor.default\">\n\t\t\t\t<div class=\"elementor-widget-container\">\n\t\t\t<style>\/*! elementor - v3.16.0 - 12-09-2023 *\/\n.elementor-widget-text-editor.elementor-drop-cap-view-stacked .elementor-drop-cap{background-color:#69727d;color:#fff}.elementor-widget-text-editor.elementor-drop-cap-view-framed .elementor-drop-cap{color:#69727d;border:3px solid;background-color:transparent}.elementor-widget-text-editor:not(.elementor-drop-cap-view-default) .elementor-drop-cap{margin-top:8px}.elementor-widget-text-editor:not(.elementor-drop-cap-view-default) .elementor-drop-cap-letter{width:1em;height:1em}.elementor-widget-text-editor .elementor-drop-cap{float:left;text-align:center;line-height:1;font-size:50px}.elementor-widget-text-editor .elementor-drop-cap-letter{display:inline-block}<\/style>\t\t\t\t<p><b style=\"color: var( --e-global-color-text ); schriftfamilie: var( --e-global-typography-text-font-family ), Sans-serif; text-align: var (--text-align); schriftgr\u00f6\u00dfe: 1rem;\">Kombinierte Zeichenlinie, Zwei-Walzen-Richtmaschine, Anfasmaschine<br><\/b>Automatisches Materialeinbringen, Verst\u00e4rken, Sandstrahlen, Schneiden, Testen, Sortieren, Richten, Kraftregulierung w\u00e4hrend des Prozesses, Anfasen, Fr\u00e4sen und Plandrehen nach dem Richten, w\u00e4hrend eine Linie den Prozess fortsetzt<br>&#8211; <em>S7 1500 T,&nbsp; &nbsp;S7 1500 TF,&nbsp; &nbsp;Sinamics S120,&nbsp; &nbsp;Sinamics DCM,&nbsp; &nbsp;Indraworks<\/em><\/p>\n<p style=\"schriftfamilie: Roboto, serifenlos; farbe: #7a7a7a;\"><span style=\"schriftst\u00e4rke: fett; farbe: var( --e-global-color-text ); schriftart- familie: var( --e-global-typography-text-font-family ), Sans-serif; text-align: var(--text-align); font-size: 1rem;\"><b>Sch\u00e4lmaschine, Zwei-Rollen-Gl\u00e4ttmaschine, Anfasmaschine, Pr\u00fcfeinheit<\/b><\/span><span style=\"color: var( --e-global-color-text ); schriftfamilie: var( --e-global-typography-text-font-family ) , Sans-serif; schriftgr\u00f6\u00dfe: 1rem; text-align: var(--text-align);\"><br><\/span>Vollst\u00e4ndig automatisiertes System zur Reduzierung des Kn\u00fcppeldurchmessers mit Bewegungssteuerung f\u00fcr Materialbeladung, Zuf\u00fchrung, Sch\u00e4len mit Anpassung w\u00e4hrend des Betriebs, Richten, Anfasen, Fr\u00e4sen, Plandrehen, Pr\u00fcfen und Sortieren. Materialverfolgung und L2 integriert in das bestehende Anlagensystem<br>&#8211;&nbsp;<em>Simatic S-7 1500TF,&nbsp; &nbsp;Sinamics S120,&nbsp; &nbsp;Zumbach-Laser,&nbsp; &nbsp;eWon<\/em><\/p>\n<p><span style=\"font-weight: Bolder;\">Sch\u00e4lmaschine<br><\/span>Automatische Anpassung an Werkst\u00fcckabweichungen. \u00dcberwachung und Erkennung von Werkzeugsch\u00e4den; automatische Werkzeugwechselsequenz. Kommunikation mit Kn\u00fcppelbearbeitungssystemen vor und nach der Sch\u00e4lmaschine. Vollst\u00e4ndige Kontrolle und \u00dcberwachung der Anlagensicherheit<br>&#8211;&nbsp;<em>Simatic S7-300 F,&nbsp; &nbsp;Sinamics S120,&nbsp; &nbsp;Sinamics DCM,&nbsp; &nbsp;WinCC Flex 2008 PC mit Fernzugriff,&nbsp; &nbsp;Mobile Panel 277F<\/em><\/p>\n<p><span style=\"font-weight: Bolder;\">Kupplungspr\u00fcfstand<br><\/span>Automatisiertes System mit Bewegungssteuerung zum Laden des Materials und zum Testen des Produkts. Materialverfolgung und L2 integriert.<br><em>&#8211; Rockwell Automation \u2013 Allen Bradley PLC,&nbsp; &nbsp;PowerFlex 700\/700H,&nbsp; &nbsp;Kinetix-Servoantrieb<\/em><\/p>\n<p><span style=\"font-weight: Bold;\">Getriebepr\u00fcfstand 8 PS<br><\/span>Automatisiertes System mit Bewegungssteuerung zum Laden des Materials und zum Testen des Produkts. Materialverfolgung und L2 integriert.<br>&#8211;&nbsp;<em>Simatic S7-300<\/em><\/p>\n<p><span style=\"font-weight: Bold;\">Manuelle Endbearbeitungslinie in der Automobilindustrie<br><\/span>Schl\u00fcsselfertiges Projekt f\u00fcr eine manuelle Endbearbeitungslinie. Elektrokonstruktion, Montage von Schaltschr\u00e4nken, Softwareentwicklung und Inbetriebnahme.<br>&#8211;&nbsp;<em>Siemens S7 1500,&nbsp; &nbsp;VASS 6 Standard,&nbsp; &nbsp;SEW Euro Drive Motion Control,&nbsp; &nbsp;ABB Roboter IRB 6640-130<\/em><\/p>\n<p><span style=\"font-weight: Bold;\">Ampullenf\u00fclllinie<br><\/span>HMI-Entwicklung f\u00fcr die Pharmaindustrie.<br><em>&#8211; InTouch&nbsp;AVEVA Wonderware<\/em><\/p>\n<p><b>Spinner Block, APP-Station<br><\/b>Spinnerblock mit Manipulator und automatischer Vorbereitungsstation f\u00fcr den Kupferrohrziehprozess. Vollautomatisches System zur Vorbereitung, Einf\u00fchrung und Verarbeitung von Material mit einer maximalen Liniengeschwindigkeit von 1000 m\/min. Vollautomatische F\u00f6rdertische zum Be- und Entladen, Lagern und Wiederherstellen von Material, integriert in das bestehende F\u00f6rdersystem der Anlage. Verarbeitung, Speicherung und Nachverfolgung von Produktionsdaten. Sicherheits\u00fcberwachung und Alarmierung. Fehlerkontrolle bei menschlicher Interaktion<br>&#8211;<em>Simatic S7-300,&nbsp; &nbsp;Sinamics S120,&nbsp; &nbsp;Sinamics G120,&nbsp; &nbsp;Simoreg DC-Master,&nbsp; &nbsp;Simatic MP-377,&nbsp; &nbsp;-Pilz PNOZmulti M1P<\/em><\/p>\n<p><b>Induktionserw\u00e4rmung<br><\/b>Induktionsofen f\u00fcr die Verarbeitung von Stabstahl und Draht<br><em>&#8211; Simatic S7-300, Simatic MP-277<\/em><\/p>\n<p><b>Sch\u00e4lmaschine, Zweiwalzenrichtmaschine<br><\/b> Ein System mit Bewegungssteuerung zum Laden, Zuf\u00fchren, Sch\u00e4len und Richten des Materials mit Anpassung, Pr\u00fcfung und Sortierung w\u00e4hrend des Laufs. Materialverfolgung und L2 integriert in das bestehende Anlagensystem<br>&#8211; <em>Simatic S7-300 TF,&nbsp; &nbsp;Sinamics S120,&nbsp; &nbsp;TIA Portal,&nbsp; &nbsp;Zumbach-Laser,&nbsp; &nbsp;eWon<\/em><\/p>\n<p><b>Sch\u00e4lmaschine<br><\/b>Automatisiertes System mit Bewegungssteuerung f\u00fcr Materialbeladung, -zufuhr, -sch\u00e4len mit Anpassung w\u00e4hrend des Laufs, Pr\u00fcfung und Sortierung. Materialverfolgung und L2 integriert in bestehende<br>&#8211; <em>Simatic S7-300 TF,&nbsp; Sinamics S120,&nbsp; TIA Portal,&nbsp; Zumbach Laser. eWon<\/em><\/p>\n<p><b>Spannungsnivellierer<br><\/b>Stahlbandbearbeitung mit einer Geschwindigkeit von bis zu 320 m\/min. Automatische Erkennung von Bandspulen, Dimensionsmessungen, Positionieren, Laden, Einf\u00fchren, Schwei\u00dfen, Bearbeiten (Drehmoment- und Dehnungskontrolle), Schneiden und Entladen. Setzt den Linienlauf w\u00e4hrend des Be- und Entladens von Material fort<br>&#8211; <em>Simatic S7-400,&nbsp; Sinamics S120<\/em><\/p>\n<p><b>Schleiflinien<br><\/b>Endbearbeitungslinien f\u00fcr das Feinschleifen von Stahlstangen (0,01 mm Toleranz). Automatische Materialzuf\u00fchrung und -vermahlung<br>&#8211; <em>Simatic S7-300,&nbsp; Simodrive 611,&nbsp; Simatic TP-177<\/em><\/p>\n<p><b>Spinner Block (Hochgeschwindigkeitszeichnen in mehreren Durchg\u00e4ngen)<br><\/b>Automatisiertes System mit Bewegungssteuerung f\u00fcr Materialbeladung, Zuf\u00fchrung, Entnahme mit Anpassung w\u00e4hrend des Laufs und Testen von R\u00f6hrchen. Materialverfolgung und L2 integriert.<br>&#8211; <em>Rockwell Automation \u2013 Allen Bradley PLC,&nbsp; &nbsp;PowerFlex 700,&nbsp; &nbsp;Kinetix-Servoantrieb<\/em><\/p>\n<p><b>DDL (Doppelte Zeichnungslinie) &amp; SDL (Einzelne Zeichnungslinie)<br><\/b>Automatisiertes System mit Bewegungssteuerung f\u00fcr das Laden, Zuf\u00fchren und Ziehen von Material mit Anpassung w\u00e4hrend des Laufs und das Testen gro\u00dfer Mutterrohre. Materialverfolgung und L2 integriert. Bearbeitung (Drehmoment- und Dehnungskontrolle), Schneiden und Entladen. Setzt den Linienlauf w\u00e4hrend des Be- und Entladens von Material fort.<br>&#8211; <em>Rockwell Automation \u2013 Allen Bradley PLC,&nbsp; &nbsp;PowerFlex 700\/700H,&nbsp; &nbsp;Kinetix-Servoantrieb<\/em><\/p>\n<p><b>Scalping-Maschine<br><\/b>Schneidlinien f\u00fcr Stahlbarren. Automatisches Einf\u00fchren, Transportieren und Schneiden von Material.<br>Abmessung L x B x H<br>7m x 0,6m x 4m<br>Gewicht &lt;30t<br>&#8211; <em>Simatic S7-300<\/em><\/p>\n<p><b>Schiffsbelader<br><\/b>Automatisiertes System mit Bewegungssteuerung f\u00fcr die Materialbeladung, Materialverfolgung und integriertem L2.<br>&#8211; <em>Rockwell Automation \u2013 Allen Bradley PLC,&nbsp; &nbsp;PowerFlex 700,&nbsp; &nbsp;Kinetix-Servoantrieb<\/em><\/p>\n<p><b>Mobiler Hopper<br><\/b>Automatisiertes System mit Bewegungssteuerung f\u00fcr den Materialaustrag, Materialverfolgung und integriertem L2.<br><em>&#8211; Rockwell Automation \u2013 Allen Bradley PLC,&nbsp; &nbsp;PowerFlex 700\/700H,&nbsp; &nbsp;Kinetix-Servoantrieb<\/em><\/p>\n<p><b>Kombinierte Kabine zum Lackieren und Trocknen<br><\/b>Malereilinien. Automatische Materialzuf\u00fchrung, Transport und Lackierung.<br>&#8211; <em>Simatic S7-300<\/em><\/p>\n<p><b>Testmessmaschine<br><\/b>Testen von Reifenlinien. Automatische Materialzuf\u00fchrung, -transport und -pr\u00fcfung.<br>&#8211; <em>Rockwell Automation \u2013 Allen Bradley PLC<\/em><\/p>\n<p><b>APP und Manipulator<br><\/b>Automatisiertes System mit Bewegungssteuerung zum Laden, Vorbereiten, Pressen und Testen von Rohren. Materialverfolgung und L2 integriert.<br>&#8211; <em>Rockwell Automation \u2013 Allen Bradley PLC,&nbsp; &nbsp;PowerFlex 700,&nbsp; &nbsp;Kinetix-Servoantrieb<\/em><\/p>\n<p><b>CCM<\/b> <b>&#8211; Stranggie\u00dfmaschine<br><\/b>Automatisiertes System mit Bewegungssteuerung f\u00fcr lange Werkst\u00fccke.<br>Vorbereitung der Warmladung f\u00fcr das Warmwalzwerk.<br><em>&#8211; Siemens S7 400 SPS, ABB ACS880 Motion Drive, Bosch Rexroth Hydraulik<\/em><\/p>\n<p><b>TAP \u2013 Transadriatische Pipeline<br><\/b>Steuerung der Kompressortankstelle (Fier) und der Dosiertankstelle (Korce). PCS7, Process Historian, OPC-Server.<br>&#8211; <em>Siemens S7 400, Honeywell SCADA, ACC \u2013 Alarmzentrale<\/em><\/p>\n<p><b>Schiffswinden<br><\/b>Vollautomatische Winden f\u00fcr Tankschiffe.<br>&#8211;<em>Schneider PLC Modicon M221<\/em><\/p>\n<p><b>Montagelinie f\u00fcr Fahrzeugbeleuchtung<br><\/b>Komplette Montage von Autoscheinwerfersystemen.<br>&#8211; <em>Siemens S7 1500, ABB Robot IRB 1300<\/em><\/p>\n<p><b>Montagelinie f\u00fcr Fahrzeugbeleuchtung<br><\/b>Komplette Montage von Autoscheinwerfersystemen.<br><em>&#8211; Siemens S7 1500, ABB Roboter IRB 1300<\/em><\/p>\n<p><b>Montagelinie f\u00fcr Batteriemodule<br><\/b>Softwareentwicklung, Inbetriebnahme und Prozessverbesserung.<br>&#8211; <em>Rockwell RSlogix 5000, Fanuc M10iA, Fanuc R2000iC, IAI-Linear-Robotermanipulator<\/em><\/p>\t\t\t\t\t\t<\/div>\n\t\t\t\t<\/div>\n\t\t\t\t\t<\/div>\n\t\t\t\t<\/div>\n\t\t\t\t\t\t\t<\/div>\n\t\t","protected":false},"excerpt":{"rendered":"<p>Verweise Kombinierte Zeichenlinie, Zwei-Walzen-Richtmaschine, AnfasmaschineAutomatisches Materialeinbringen, Verst\u00e4rken, Sandstrahlen, Schneiden, Testen, Sortieren, Richten, Kraftregulierung w\u00e4hrend des Prozesses, Anfasen, Fr\u00e4sen und Plandrehen nach dem Richten, w\u00e4hrend eine Linie den Prozess fortsetzt&#8211; S7 1500 T,&nbsp; &nbsp;S7 1500 TF,&nbsp; &nbsp;Sinamics S120,&nbsp; &nbsp;Sinamics DCM,&nbsp; &nbsp;Indraworks Sch\u00e4lmaschine, Zwei-Rollen-Gl\u00e4ttmaschine, Anfasmaschine, Pr\u00fcfeinheitVollst\u00e4ndig automatisiertes System zur Reduzierung des Kn\u00fcppeldurchmessers mit Bewegungssteuerung f\u00fcr Materialbeladung, Zuf\u00fchrung, [&hellip;]<\/p>\n","protected":false},"author":1,"featured_media":0,"parent":0,"menu_order":0,"comment_status":"closed","ping_status":"closed","template":"elementor_header_footer","meta":{"footnotes":""},"class_list":["post-601","page","type-page","status-publish","hentry"],"_links":{"self":[{"href":"https:\/\/raon-industry.com\/de\/wp-json\/wp\/v2\/pages\/601","targetHints":{"allow":["GET"]}}],"collection":[{"href":"https:\/\/raon-industry.com\/de\/wp-json\/wp\/v2\/pages"}],"about":[{"href":"https:\/\/raon-industry.com\/de\/wp-json\/wp\/v2\/types\/page"}],"author":[{"embeddable":true,"href":"https:\/\/raon-industry.com\/de\/wp-json\/wp\/v2\/users\/1"}],"replies":[{"embeddable":true,"href":"https:\/\/raon-industry.com\/de\/wp-json\/wp\/v2\/comments?post=601"}],"version-history":[{"count":21,"href":"https:\/\/raon-industry.com\/de\/wp-json\/wp\/v2\/pages\/601\/revisions"}],"predecessor-version":[{"id":704,"href":"https:\/\/raon-industry.com\/de\/wp-json\/wp\/v2\/pages\/601\/revisions\/704"}],"wp:attachment":[{"href":"https:\/\/raon-industry.com\/de\/wp-json\/wp\/v2\/media?parent=601"}],"curies":[{"name":"wp","href":"https:\/\/api.w.org\/{rel}","templated":true}]}}