{"id":362,"date":"2023-09-13T07:47:21","date_gmt":"2023-09-13T07:47:21","guid":{"rendered":"https:\/\/raon.hr\/home-page\/"},"modified":"2025-07-08T19:23:29","modified_gmt":"2025-07-08T19:23:29","slug":"home-page","status":"publish","type":"page","link":"https:\/\/raon-industry.com\/hr\/","title":{"rendered":"Home page"},"content":{"rendered":"\t\t<div data-elementor-type=\"wp-page\" data-elementor-id=\"362\" class=\"elementor elementor-362\">\n\t\t\t\t\t\t\t<div class=\"elementor-element elementor-element-d5bb30b e-con-full e-flex elementor-invisible e-con e-parent\" data-id=\"d5bb30b\" data-element_type=\"container\" data-settings=\"{&quot;content_width&quot;:&quot;full&quot;,&quot;animation&quot;:&quot;fadeIn&quot;}\" data-core-v316-plus=\"true\">\n\t\t\t\t<div class=\"elementor-element elementor-element-09024ee elementor-invisible elementor-widget elementor-widget-heading\" data-id=\"09024ee\" data-element_type=\"widget\" data-settings=\"{&quot;_animation&quot;:&quot;fadeInUp&quot;}\" data-widget_type=\"heading.default\">\n\t\t\t\t<div class=\"elementor-widget-container\">\n\t\t\t<style>\/*! elementor - v3.16.0 - 12-09-2023 *\/\n.elementor-heading-title{padding:0;margin:0;line-height:1}.elementor-widget-heading .elementor-heading-title[class*=elementor-size-]>a{color:inherit;font-size:inherit;line-height:inherit}.elementor-widget-heading .elementor-heading-title.elementor-size-small{font-size:15px}.elementor-widget-heading .elementor-heading-title.elementor-size-medium{font-size:19px}.elementor-widget-heading .elementor-heading-title.elementor-size-large{font-size:29px}.elementor-widget-heading .elementor-heading-title.elementor-size-xl{font-size:39px}.elementor-widget-heading .elementor-heading-title.elementor-size-xxl{font-size:59px}<\/style><h2 class=\"elementor-heading-title elementor-size-default\">Pove\u0107ana u\u010dinkovitost, iskovana budu\u0107nost kroz naprednu tehnologiju automatizacije<\/h2>\t\t<\/div>\n\t\t\t\t<\/div>\n\t\t\t\t<\/div>\n\t\t<div class=\"elementor-element elementor-element-2547402 e-flex e-con-boxed e-con e-parent\" data-id=\"2547402\" data-element_type=\"container\" data-settings=\"{&quot;content_width&quot;:&quot;boxed&quot;}\" data-core-v316-plus=\"true\">\n\t\t\t\t\t<div class=\"e-con-inner\">\n\t\t\t\t<div class=\"elementor-element elementor-element-96bcb67 elementor-widget__width-inherit ekit-equal-height-disable elementor-widget elementor-widget-elementskit-icon-box\" data-id=\"96bcb67\" data-element_type=\"widget\" data-widget_type=\"elementskit-icon-box.default\">\n\t\t\t\t<div class=\"elementor-widget-container\">\n\t\t\t<div class=\"ekit-wid-con\" >        <!-- link opening -->\n                <!-- end link opening -->\n\n        <div class=\"elementskit-infobox text-center text-center icon-top-align elementor-animation-   \">\n                    <div class=\"elementskit-box-header elementor-animation-\">\n                <div class=\"elementskit-info-box-icon  \">\n                    <i aria-hidden=\"true\" class=\"elementkit-infobox-icon icon icon-cog\"><\/i>\n                <\/div>\n          <\/div>\n                        <div class=\"box-body\">\n                            <h3 class=\"elementskit-info-box-title\">\n                     Napredni sustavi automatizacije                <\/h3>\n                        \t\t  <p>Na\u0161 se portfelj mo\u017ee pohvaliti \u0161irokim rasponom naprednih sustava automatizacije dizajniranih za pojednostavljenje operacija u raznim industrijama. Nudimo rje\u0161enja prilago\u0111ena va\u0161im specifi\u010dnim potrebama.<\/p>\n                                <\/div>\n        \n        \n                <\/div>\n        <\/div>\t\t<\/div>\n\t\t\t\t<\/div>\n\t\t\t\t<div class=\"elementor-element elementor-element-a96cac3 elementor-widget__width-inherit ekit-equal-height-disable elementor-widget elementor-widget-elementskit-icon-box\" data-id=\"a96cac3\" data-element_type=\"widget\" data-widget_type=\"elementskit-icon-box.default\">\n\t\t\t\t<div class=\"elementor-widget-container\">\n\t\t\t<div class=\"ekit-wid-con\" >        <!-- link opening -->\n                <!-- end link opening -->\n\n        <div class=\"elementskit-infobox text-center text- icon-top-align elementor-animation-   \">\n                    <div class=\"elementskit-box-header elementor-animation-\">\n                <div class=\"elementskit-info-box-icon  \">\n                    <i aria-hidden=\"true\" class=\"elementkit-infobox-icon icon icon-crane2\"><\/i>\n                <\/div>\n          <\/div>\n                        <div class=\"box-body\">\n                            <h3 class=\"elementskit-info-box-title\">\n                     Inovativna robotika                <\/h3>\n                        \t\t  <p>Prihva\u0107aju\u0107i najnovija dostignu\u0107a u robotici, integriramo kolaborativne robote (kobote) koji rade uz ljudske zaposlenike, pove\u0107avaju\u0107i i produktivnost i sigurnost na radnom mjestu.<\/p>\n                                <\/div>\n        \n        \n                <\/div>\n        <\/div>\t\t<\/div>\n\t\t\t\t<\/div>\n\t\t\t\t<div class=\"elementor-element elementor-element-b563e51 elementor-widget__width-inherit ekit-equal-height-disable elementor-widget elementor-widget-elementskit-icon-box\" data-id=\"b563e51\" data-element_type=\"widget\" data-widget_type=\"elementskit-icon-box.default\">\n\t\t\t\t<div class=\"elementor-widget-container\">\n\t\t\t<div class=\"ekit-wid-con\" >        <!-- link opening -->\n                <!-- end link opening -->\n\n        <div class=\"elementskit-infobox text-center text- icon-top-align elementor-animation-   \">\n                    <div class=\"elementskit-box-header elementor-animation-\">\n                <div class=\"elementskit-info-box-icon  \">\n                    <i aria-hidden=\"true\" class=\"elementkit-infobox-icon icon icon-computer\"><\/i>\n                <\/div>\n          <\/div>\n                        <div class=\"box-body\">\n                            <h3 class=\"elementskit-info-box-title\">\n                     Pametna IoT integracija                <\/h3>\n                        \t\t  <p>Na\u0161a rje\u0161enja iskori\u0161tavaju snagu Interneta stvari (IoT) za stvaranje me\u0111usobno povezanih ekosustava koji pru\u017eaju uvid u podatke u stvarnom vremenu. Pratite, kontrolirajte i optimizirajte procese na daljinu, stje\u010du\u0107i konkurentsku prednost u dana\u0161njem brzom poslovnom okru\u017eenju.<\/p>\n                                <\/div>\n        \n        \n                <\/div>\n        <\/div>\t\t<\/div>\n\t\t\t\t<\/div>\n\t\t\t\t\t<\/div>\n\t\t\t\t<\/div>\n\t\t<div class=\"elementor-element elementor-element-d860b2d e-flex e-con-boxed e-con e-parent\" data-id=\"d860b2d\" data-element_type=\"container\" data-settings=\"{&quot;content_width&quot;:&quot;boxed&quot;}\" data-core-v316-plus=\"true\">\n\t\t\t\t\t<div class=\"e-con-inner\">\n\t\t\t\t<div class=\"elementor-element elementor-element-4110a1c elementor-arrows-position-inside elementor-pagination-position-outside elementor-widget elementor-widget-image-carousel\" data-id=\"4110a1c\" data-element_type=\"widget\" data-settings=\"{&quot;autoplay_speed&quot;:2000,&quot;navigation&quot;:&quot;both&quot;,&quot;autoplay&quot;:&quot;yes&quot;,&quot;pause_on_hover&quot;:&quot;yes&quot;,&quot;pause_on_interaction&quot;:&quot;yes&quot;,&quot;infinite&quot;:&quot;yes&quot;,&quot;speed&quot;:500}\" data-widget_type=\"image-carousel.default\">\n\t\t\t\t<div class=\"elementor-widget-container\">\n\t\t\t<style>\/*! elementor - v3.16.0 - 12-09-2023 *\/\n.elementor-widget-image-carousel .swiper,.elementor-widget-image-carousel .swiper-container{position:static}.elementor-widget-image-carousel .swiper-container .swiper-slide figure,.elementor-widget-image-carousel .swiper .swiper-slide figure{line-height:inherit}.elementor-widget-image-carousel .swiper-slide{text-align:center}.elementor-image-carousel-wrapper:not(.swiper-container-initialized):not(.swiper-initialized) .swiper-slide{max-width:calc(100% \/ var(--e-image-carousel-slides-to-show, 3))}<\/style>\t\t<div class=\"elementor-image-carousel-wrapper swiper\" dir=\"ltr\">\n\t\t\t<div class=\"elementor-image-carousel swiper-wrapper\" aria-live=\"off\">\n\t\t\t\t\t\t\t\t<div class=\"swiper-slide\" role=\"group\" aria-roledescription=\"slide\" aria-label=\"1 of 7\"><figure class=\"swiper-slide-inner\"><img decoding=\"async\" class=\"swiper-slide-image\" src=\"https:\/\/raon-industry.com\/wp-content\/uploads\/elementor\/thumbs\/csm_Spinner-blocks_4c23fc17b5-qd5uhew23e3p83uowfj43us0synjhbc5xtti8v6kzc.png\" alt=\"csm_Spinner-blocks_4c23fc17b5\" \/><\/figure><\/div><div class=\"swiper-slide\" role=\"group\" aria-roledescription=\"slide\" aria-label=\"2 of 7\"><figure class=\"swiper-slide-inner\"><img decoding=\"async\" class=\"swiper-slide-image\" src=\"https:\/\/raon-industry.com\/wp-content\/uploads\/elementor\/thumbs\/csm_N-SMS2821-002_085-50MN-Strangpresse_-Dornschmierroboter_-Scheibenroboter_b42d866eb8-qd5ui811z97l80od6a4jr5fb7wnx3xjudu1k4fzdmg.png\" alt=\"csm_N-SMS2821-002_085-50MN-Strangpresse_-Dornschmierroboter_-Scheibenroboter_b42d866eb8\" \/><\/figure><\/div><div class=\"swiper-slide\" role=\"group\" aria-roledescription=\"slide\" aria-label=\"3 of 7\"><figure class=\"swiper-slide-inner\"><img decoding=\"async\" class=\"swiper-slide-image\" src=\"https:\/\/raon-industry.com\/wp-content\/uploads\/elementor\/thumbs\/csm_BrightSteelLines_SMSgroup_643f264749-qd5uj31q8se1v5fb55j8jflitmf15xyzi3kkykpdx4.png\" alt=\"csm_BrightSteelLines_SMSgroup_643f264749\" \/><\/figure><\/div><div class=\"swiper-slide\" role=\"group\" aria-roledescription=\"slide\" aria-label=\"4 of 7\"><figure class=\"swiper-slide-inner\"><img decoding=\"async\" class=\"swiper-slide-image\" src=\"https:\/\/raon-industry.com\/wp-content\/uploads\/elementor\/thumbs\/Screenshot-2023-07-27-131924-qd5uf543kszr615h5y6kkxex4fulvnbiml29hsju0o.png\" alt=\"Screenshot 2023-07-27 131924\" \/><\/figure><\/div><div class=\"swiper-slide\" role=\"group\" aria-roledescription=\"slide\" aria-label=\"5 of 7\"><figure class=\"swiper-slide-inner\"><img decoding=\"async\" class=\"swiper-slide-image\" src=\"https:\/\/raon-industry.com\/wp-content\/uploads\/elementor\/thumbs\/20230701_143346-scaled-qd5uegoan42as64z4nm9s3kxof72bimhv83n0lk2ig.jpg\" alt=\"20230701_143346\" \/><\/figure><\/div><div class=\"swiper-slide\" role=\"group\" aria-roledescription=\"slide\" aria-label=\"6 of 7\"><figure class=\"swiper-slide-inner\"><img decoding=\"async\" class=\"swiper-slide-image\" src=\"https:\/\/raon-industry.com\/wp-content\/uploads\/elementor\/thumbs\/Slika_34-qd5ufwdf3012iq1vqryr38jacm492vbqebzcetff08.jpeg\" alt=\"Slika_34\" \/><\/figure><\/div><div class=\"swiper-slide\" role=\"group\" aria-roledescription=\"slide\" aria-label=\"7 of 7\"><figure class=\"swiper-slide-inner\"><img decoding=\"async\" class=\"swiper-slide-image\" src=\"https:\/\/raon-industry.com\/wp-content\/uploads\/elementor\/thumbs\/Slika_35-scaled-qd5ugagzxikdcvhegg25mmz79e6rabvpg9rmlyuiew.jpg\" alt=\"Slika_35\" \/><\/figure><\/div>\t\t\t<\/div>\n\t\t\t\t\t\t\t\t\t\t\t\t<div class=\"elementor-swiper-button elementor-swiper-button-prev\" role=\"button\" tabindex=\"0\">\n\t\t\t\t\t\t<i aria-hidden=\"true\" class=\"eicon-chevron-left\"><\/i>\t\t\t\t\t<\/div>\n\t\t\t\t\t<div class=\"elementor-swiper-button elementor-swiper-button-next\" role=\"button\" tabindex=\"0\">\n\t\t\t\t\t\t<i aria-hidden=\"true\" class=\"eicon-chevron-right\"><\/i>\t\t\t\t\t<\/div>\n\t\t\t\t\n\t\t\t\t\t\t\t\t\t<div class=\"swiper-pagination\"><\/div>\n\t\t\t\t\t\t\t\t\t<\/div>\n\t\t\t\t<\/div>\n\t\t\t\t<\/div>\n\t\t\t\t\t<\/div>\n\t\t\t\t<\/div>\n\t\t<div class=\"elementor-element elementor-element-d0f430d e-flex e-con-boxed e-con e-parent\" data-id=\"d0f430d\" data-element_type=\"container\" data-settings=\"{&quot;content_width&quot;:&quot;boxed&quot;}\" data-core-v316-plus=\"true\">\n\t\t\t\t\t<div class=\"e-con-inner\">\n\t\t\t\t<div class=\"elementor-element elementor-element-09a017a elementor-widget elementor-widget-heading\" data-id=\"09a017a\" data-element_type=\"widget\" data-widget_type=\"heading.default\">\n\t\t\t\t<div class=\"elementor-widget-container\">\n\t\t\t<h2 class=\"elementor-heading-title elementor-size-default\">Na\u0161a stru\u010dnost<\/h2>\t\t<\/div>\n\t\t\t\t<\/div>\n\t\t<div class=\"elementor-element elementor-element-ebd93e8 e-flex e-con-boxed e-con e-child\" data-id=\"ebd93e8\" data-element_type=\"container\" data-settings=\"{&quot;content_width&quot;:&quot;boxed&quot;}\">\n\t\t\t\t\t<div class=\"e-con-inner\">\n\t\t\t\t<div class=\"elementor-element elementor-element-0801201 elementor-widget__width-auto elementor-widget elementor-widget-image\" data-id=\"0801201\" data-element_type=\"widget\" data-widget_type=\"image.default\">\n\t\t\t\t<div class=\"elementor-widget-container\">\n\t\t\t<style>\/*! elementor - v3.16.0 - 12-09-2023 *\/\n.elementor-widget-image{text-align:center}.elementor-widget-image a{display:inline-block}.elementor-widget-image a img[src$=\".svg\"]{width:48px}.elementor-widget-image img{vertical-align:middle;display:inline-block}<\/style>\t\t\t\t\t\t\t\t\t\t\t\t<img loading=\"lazy\" decoding=\"async\" width=\"300\" height=\"86\" src=\"https:\/\/raon-industry.com\/wp-content\/uploads\/2025\/07\/2019_Logo_rgb_RA_Bug-LeftText_color-768x177-3-300x86.png\" class=\"attachment-medium size-medium wp-image-1110\" alt=\"\" srcset=\"https:\/\/raon-industry.com\/wp-content\/uploads\/2025\/07\/2019_Logo_rgb_RA_Bug-LeftText_color-768x177-3-300x86.png 300w, https:\/\/raon-industry.com\/wp-content\/uploads\/2025\/07\/2019_Logo_rgb_RA_Bug-LeftText_color-768x177-3-768x220.png 768w, https:\/\/raon-industry.com\/wp-content\/uploads\/2025\/07\/2019_Logo_rgb_RA_Bug-LeftText_color-768x177-3.png 802w\" sizes=\"auto, (max-width: 300px) 100vw, 300px\" \/>\t\t\t\t\t\t\t\t\t\t\t\t\t\t\t<\/div>\n\t\t\t\t<\/div>\n\t\t\t\t<div class=\"elementor-element elementor-element-849038c elementor-widget__width-auto elementor-widget elementor-widget-image\" data-id=\"849038c\" data-element_type=\"widget\" data-widget_type=\"image.default\">\n\t\t\t\t<div class=\"elementor-widget-container\">\n\t\t\t\t\t\t\t\t\t\t\t\t\t\t\t<img loading=\"lazy\" decoding=\"async\" width=\"300\" height=\"47\" src=\"https:\/\/raon-industry.com\/wp-content\/uploads\/2023\/09\/GL-SIE-Logo-Siemens-Petrol-RGB-BSH-Reshape-2021-300x47.png\" class=\"attachment-medium size-medium wp-image-95\" alt=\"\" srcset=\"https:\/\/raon-industry.com\/wp-content\/uploads\/2023\/09\/GL-SIE-Logo-Siemens-Petrol-RGB-BSH-Reshape-2021-300x47.png 300w, https:\/\/raon-industry.com\/wp-content\/uploads\/2023\/09\/GL-SIE-Logo-Siemens-Petrol-RGB-BSH-Reshape-2021-1024x162.png 1024w, https:\/\/raon-industry.com\/wp-content\/uploads\/2023\/09\/GL-SIE-Logo-Siemens-Petrol-RGB-BSH-Reshape-2021-768x121.png 768w, https:\/\/raon-industry.com\/wp-content\/uploads\/2023\/09\/GL-SIE-Logo-Siemens-Petrol-RGB-BSH-Reshape-2021-1536x243.png 1536w, https:\/\/raon-industry.com\/wp-content\/uploads\/2023\/09\/GL-SIE-Logo-Siemens-Petrol-RGB-BSH-Reshape-2021-2048x323.png 2048w\" sizes=\"auto, (max-width: 300px) 100vw, 300px\" \/>\t\t\t\t\t\t\t\t\t\t\t\t\t\t\t<\/div>\n\t\t\t\t<\/div>\n\t\t\t\t<div class=\"elementor-element elementor-element-a501285 elementor-widget__width-auto elementor-widget elementor-widget-image\" data-id=\"a501285\" data-element_type=\"widget\" data-widget_type=\"image.default\">\n\t\t\t\t<div class=\"elementor-widget-container\">\n\t\t\t\t\t\t\t\t\t\t\t\t\t\t\t<img loading=\"lazy\" decoding=\"async\" width=\"272\" height=\"161\" src=\"https:\/\/raon-industry.com\/wp-content\/uploads\/2023\/09\/fanuc.png\" class=\"attachment-medium size-medium wp-image-510\" alt=\"\" \/>\t\t\t\t\t\t\t\t\t\t\t\t\t\t\t<\/div>\n\t\t\t\t<\/div>\n\t\t\t\t<div class=\"elementor-element elementor-element-bbfb5b3 elementor-widget__width-auto elementor-widget elementor-widget-image\" data-id=\"bbfb5b3\" data-element_type=\"widget\" data-widget_type=\"image.default\">\n\t\t\t\t<div class=\"elementor-widget-container\">\n\t\t\t\t\t\t\t\t\t\t\t\t\t\t\t<img loading=\"lazy\" decoding=\"async\" width=\"300\" height=\"225\" src=\"https:\/\/raon-industry.com\/wp-content\/uploads\/2023\/09\/0004103_unitronics-300x225.png\" class=\"attachment-medium size-medium wp-image-502\" alt=\"\" srcset=\"https:\/\/raon-industry.com\/wp-content\/uploads\/2023\/09\/0004103_unitronics-300x225.png 300w, https:\/\/raon-industry.com\/wp-content\/uploads\/2023\/09\/0004103_unitronics.png 720w\" sizes=\"auto, (max-width: 300px) 100vw, 300px\" \/>\t\t\t\t\t\t\t\t\t\t\t\t\t\t\t<\/div>\n\t\t\t\t<\/div>\n\t\t\t\t<div class=\"elementor-element elementor-element-e486b7f elementor-widget__width-auto elementor-widget elementor-widget-image\" data-id=\"e486b7f\" data-element_type=\"widget\" data-widget_type=\"image.default\">\n\t\t\t\t<div class=\"elementor-widget-container\">\n\t\t\t\t\t\t\t\t\t\t\t\t\t\t\t<img loading=\"lazy\" decoding=\"async\" width=\"300\" height=\"119\" src=\"https:\/\/raon-industry.com\/wp-content\/uploads\/2023\/09\/1200px-ABB_logo.svg_-300x119.png\" class=\"attachment-medium size-medium wp-image-498\" alt=\"\" srcset=\"https:\/\/raon-industry.com\/wp-content\/uploads\/2023\/09\/1200px-ABB_logo.svg_-300x119.png 300w, https:\/\/raon-industry.com\/wp-content\/uploads\/2023\/09\/1200px-ABB_logo.svg_-1024x407.png 1024w, https:\/\/raon-industry.com\/wp-content\/uploads\/2023\/09\/1200px-ABB_logo.svg_-768x305.png 768w, https:\/\/raon-industry.com\/wp-content\/uploads\/2023\/09\/1200px-ABB_logo.svg_.png 1200w\" sizes=\"auto, (max-width: 300px) 100vw, 300px\" \/>\t\t\t\t\t\t\t\t\t\t\t\t\t\t\t<\/div>\n\t\t\t\t<\/div>\n\t\t\t\t<div class=\"elementor-element elementor-element-30b7e55 elementor-widget elementor-widget-image\" data-id=\"30b7e55\" data-element_type=\"widget\" data-widget_type=\"image.default\">\n\t\t\t\t<div class=\"elementor-widget-container\">\n\t\t\t\t\t\t\t\t\t\t\t\t\t\t\t<img loading=\"lazy\" decoding=\"async\" width=\"300\" height=\"147\" src=\"https:\/\/raon-industry.com\/wp-content\/uploads\/2025\/07\/logo_yaskawa-3-300x147.png\" class=\"attachment-medium size-medium wp-image-1064\" alt=\"\" srcset=\"https:\/\/raon-industry.com\/wp-content\/uploads\/2025\/07\/logo_yaskawa-3-300x147.png 300w, https:\/\/raon-industry.com\/wp-content\/uploads\/2025\/07\/logo_yaskawa-3.png 600w\" sizes=\"auto, (max-width: 300px) 100vw, 300px\" \/>\t\t\t\t\t\t\t\t\t\t\t\t\t\t\t<\/div>\n\t\t\t\t<\/div>\n\t\t\t\t\t<\/div>\n\t\t\t\t<\/div>\n\t\t\t\t\t<\/div>\n\t\t\t\t<\/div>\n\t\t\t\t\t\t\t<\/div>\n\t\t","protected":false},"excerpt":{"rendered":"<p>Pove\u0107ana u\u010dinkovitost, iskovana budu\u0107nost kroz naprednu tehnologiju automatizacije Napredni sustavi automatizacije Na\u0161 se portfelj mo\u017ee pohvaliti \u0161irokim rasponom naprednih sustava automatizacije dizajniranih za pojednostavljenje operacija u raznim industrijama. Nudimo rje\u0161enja prilago\u0111ena va\u0161im specifi\u010dnim potrebama. Inovativna robotika Prihva\u0107aju\u0107i najnovija dostignu\u0107a u robotici, integriramo kolaborativne robote (kobote) koji rade uz ljudske zaposlenike, pove\u0107avaju\u0107i i produktivnost i sigurnost [&hellip;]<\/p>\n","protected":false},"author":1,"featured_media":0,"parent":0,"menu_order":0,"comment_status":"closed","ping_status":"closed","template":"elementor_header_footer","meta":{"footnotes":""},"class_list":["post-362","page","type-page","status-publish","hentry"],"_links":{"self":[{"href":"https:\/\/raon-industry.com\/hr\/wp-json\/wp\/v2\/pages\/362","targetHints":{"allow":["GET"]}}],"collection":[{"href":"https:\/\/raon-industry.com\/hr\/wp-json\/wp\/v2\/pages"}],"about":[{"href":"https:\/\/raon-industry.com\/hr\/wp-json\/wp\/v2\/types\/page"}],"author":[{"embeddable":true,"href":"https:\/\/raon-industry.com\/hr\/wp-json\/wp\/v2\/users\/1"}],"replies":[{"embeddable":true,"href":"https:\/\/raon-industry.com\/hr\/wp-json\/wp\/v2\/comments?post=362"}],"version-history":[{"count":19,"href":"https:\/\/raon-industry.com\/hr\/wp-json\/wp\/v2\/pages\/362\/revisions"}],"predecessor-version":[{"id":1116,"href":"https:\/\/raon-industry.com\/hr\/wp-json\/wp\/v2\/pages\/362\/revisions\/1116"}],"wp:attachment":[{"href":"https:\/\/raon-industry.com\/hr\/wp-json\/wp\/v2\/media?parent=362"}],"curies":[{"name":"wp","href":"https:\/\/api.w.org\/{rel}","templated":true}]}}