{"id":393,"date":"2023-09-12T14:27:05","date_gmt":"2023-09-12T14:27:05","guid":{"rendered":"https:\/\/raon.hr\/our-work\/"},"modified":"2023-09-14T21:15:25","modified_gmt":"2023-09-14T21:15:25","slug":"our-work","status":"publish","type":"page","link":"https:\/\/raon-industry.com\/hr\/our-work\/","title":{"rendered":"Our work"},"content":{"rendered":"\t\t<div data-elementor-type=\"wp-page\" data-elementor-id=\"393\" class=\"elementor elementor-393\">\n\t\t\t\t\t\t\t<div class=\"elementor-element elementor-element-ded04bd e-flex e-con-boxed e-con e-parent\" data-id=\"ded04bd\" data-element_type=\"container\" data-settings=\"{&quot;content_width&quot;:&quot;boxed&quot;}\" data-core-v316-plus=\"true\">\n\t\t\t\t\t<div class=\"e-con-inner\">\n\t\t\t\t<div class=\"elementor-element elementor-element-d64d84a elementor-widget elementor-widget-heading\" data-id=\"d64d84a\" data-element_type=\"widget\" data-widget_type=\"heading.default\">\n\t\t\t\t<div class=\"elementor-widget-container\">\n\t\t\t<style>\/*! elementor - v3.16.0 - 12-09-2023 *\/\n.elementor-heading-title{padding:0;margin:0;line-height:1}.elementor-widget-heading .elementor-heading-title[class*=elementor-size-]>a{color:inherit;font-size:inherit;line-height:inherit}.elementor-widget-heading .elementor-heading-title.elementor-size-small{font-size:15px}.elementor-widget-heading .elementor-heading-title.elementor-size-medium{font-size:19px}.elementor-widget-heading .elementor-heading-title.elementor-size-large{font-size:29px}.elementor-widget-heading .elementor-heading-title.elementor-size-xl{font-size:39px}.elementor-widget-heading .elementor-heading-title.elementor-size-xxl{font-size:59px}<\/style><h2 class=\"elementor-heading-title elementor-size-default\">Industrijska automatizacija<\/h2>\t\t<\/div>\n\t\t\t\t<\/div>\n\t\t\t\t\t<\/div>\n\t\t\t\t<\/div>\n\t\t<div class=\"elementor-element elementor-element-d3831dc e-flex e-con-boxed e-con e-parent\" data-id=\"d3831dc\" data-element_type=\"container\" data-settings=\"{&quot;content_width&quot;:&quot;boxed&quot;}\" data-core-v316-plus=\"true\">\n\t\t\t\t\t<div class=\"e-con-inner\">\n\t\t\t\t<div class=\"elementor-element elementor-element-9710554 elementor-widget elementor-widget-text-editor\" data-id=\"9710554\" data-element_type=\"widget\" data-widget_type=\"text-editor.default\">\n\t\t\t\t<div class=\"elementor-widget-container\">\n\t\t\t<style>\/*! elementor - v3.16.0 - 12-09-2023 *\/\n.elementor-widget-text-editor.elementor-drop-cap-view-stacked .elementor-drop-cap{background-color:#69727d;color:#fff}.elementor-widget-text-editor.elementor-drop-cap-view-framed .elementor-drop-cap{color:#69727d;border:3px solid;background-color:transparent}.elementor-widget-text-editor:not(.elementor-drop-cap-view-default) .elementor-drop-cap{margin-top:8px}.elementor-widget-text-editor:not(.elementor-drop-cap-view-default) .elementor-drop-cap-letter{width:1em;height:1em}.elementor-widget-text-editor .elementor-drop-cap{float:left;text-align:center;line-height:1;font-size:50px}.elementor-widget-text-editor .elementor-drop-cap-letter{display:inline-block}<\/style>\t\t\t\t<p>Tim industrijske automatizacije uklju\u010duje menad\u017eere i in\u017eenjere iz razli\u010ditih podru\u010dja poslovanja i in\u017eenjeringa koji donose obilje iskustva sa sna\u017enim, raznolikim vje\u0161tinama, razvojnim vje\u0161tinama i poduzetnim duhom. Stoga, gore navedeno iskustvo i interesi, uvijek otvaraju vrata novim podru\u010djima anga\u017emana i novim izazovima. Na\u0161 tim kompetentno pokriva sve faze potrebne za uspje\u0161nu realizaciju projekta, uklju\u010duju\u0107i preliminarne studije, dizajn projekta, izgradnju i upravljanje projektom, implementaciju projekta i kona\u010dno pu\u0161tanje u pogon. Budu\u0107i da je na\u0161 primarni fokus na dugoro\u010dnim odnosima s klijentima, pru\u017eamo servis, podr\u0161ku i preventivno odr\u017eavanje.<\/p><p>Klju\u010d uspjeha u bilo kojem pothvatu je uskla\u0111ivanje i uklju\u010divanje pravih ljudi. Isto je s bilo kojim projektom inteligentne automatizacije. Klju\u010d uspjeha projekta je suradnja, komunikacija i raspodjela odgovornosti unutar tima. \u010celnici trebaju osmisliti ispravne timove, odabrati prave igra\u010de, razviti sposobnosti i organizirati Centar izvrsnosti za uspje\u0161nu implementaciju projekata automatizacije u industriji.<\/p>\t\t\t\t\t\t<\/div>\n\t\t\t\t<\/div>\n\t\t\t\t<div class=\"elementor-element elementor-element-2e5d131 elementor-widget elementor-widget-image\" data-id=\"2e5d131\" data-element_type=\"widget\" data-widget_type=\"image.default\">\n\t\t\t\t<div class=\"elementor-widget-container\">\n\t\t\t<style>\/*! elementor - v3.16.0 - 12-09-2023 *\/\n.elementor-widget-image{text-align:center}.elementor-widget-image a{display:inline-block}.elementor-widget-image a img[src$=\".svg\"]{width:48px}.elementor-widget-image img{vertical-align:middle;display:inline-block}<\/style>\t\t\t\t\t\t\t\t\t\t\t\t<img loading=\"lazy\" decoding=\"async\" width=\"225\" height=\"300\" src=\"https:\/\/raon-industry.com\/wp-content\/uploads\/2023\/09\/Slika_35-225x300.jpg\" class=\"attachment-medium size-medium wp-image-214\" alt=\"\" srcset=\"https:\/\/raon-industry.com\/wp-content\/uploads\/2023\/09\/Slika_35-225x300.jpg 225w, https:\/\/raon-industry.com\/wp-content\/uploads\/2023\/09\/Slika_35-768x1024.jpg 768w, https:\/\/raon-industry.com\/wp-content\/uploads\/2023\/09\/Slika_35-1152x1536.jpg 1152w, https:\/\/raon-industry.com\/wp-content\/uploads\/2023\/09\/Slika_35-1536x2048.jpg 1536w, https:\/\/raon-industry.com\/wp-content\/uploads\/2023\/09\/Slika_35-scaled.jpg 1920w\" sizes=\"auto, (max-width: 225px) 100vw, 225px\" \/>\t\t\t\t\t\t\t\t\t\t\t\t\t\t\t<\/div>\n\t\t\t\t<\/div>\n\t\t\t\t\t<\/div>\n\t\t\t\t<\/div>\n\t\t<div class=\"elementor-element elementor-element-cf07028 e-flex e-con-boxed e-con e-parent\" data-id=\"cf07028\" data-element_type=\"container\" data-settings=\"{&quot;content_width&quot;:&quot;boxed&quot;}\" data-core-v316-plus=\"true\">\n\t\t\t\t\t<div class=\"e-con-inner\">\n\t\t\t\t<div class=\"elementor-element elementor-element-16a8e0d elementor-widget elementor-widget-text-editor\" data-id=\"16a8e0d\" data-element_type=\"widget\" data-widget_type=\"text-editor.default\">\n\t\t\t\t<div class=\"elementor-widget-container\">\n\t\t\t\t\t\t\t<p>Nudimo:<\/p>\n<ul>\n<li>Rje\u0161enja klju\u010d u ruke<\/li>\n<li>Razvoj prilago\u0111enog softvera i hardvera<\/li>\n<li>Pu\u0161tanje u pogon i testiranje<\/li>\n<li>Osnovni i detaljni dizajn<\/li>\n<li>Programiranje i parametriranje programabilnih ure\u0111aja<\/li>\n<li>Simulacija procesa ili stroja u softveru Unity ili Siemens SIMIT<\/li>\n<li>Monta\u017ea, ugradnja i spajanje opreme na licu mjesta<\/li>\n<li>Obuka korisni\u010dkog osoblja.<\/li>\n<\/ul><div><br><\/div>\n<p>Stru\u010dnost koju pru\u017eamo je:<\/p>\n<ul>\n<li>Razvoj i implementacija softvera (L1, L2 i L3)<\/li>\n<li>Elektrotehni\u010dki in\u017eenjering i instalacija<\/li>\n<li>Ugradnja i pu\u0161tanje u rad pretvara\u010da (pogona)<\/li>\n<li>Hidrauli\u010dki, elektri\u010dni i mehani\u010dki nadzor<\/li>\n<li>Tehni\u010dka podr\u0161ka u svim navedenim podru\u010djima.<\/li>\n<li>Industrijsko IoT rje\u0161enje i &nbsp;analiza velikih podataka<\/li>\n<li>Industrijsko povezivanje za digitalnu transformaciju (MES i SCADA)<\/li>\n<\/ul>\t\t\t\t\t\t<\/div>\n\t\t\t\t<\/div>\n\t\t\t\t<div class=\"elementor-element elementor-element-22079df elementor-widget elementor-widget-image\" data-id=\"22079df\" data-element_type=\"widget\" data-widget_type=\"image.default\">\n\t\t\t\t<div class=\"elementor-widget-container\">\n\t\t\t\t\t\t\t\t\t\t\t\t\t\t\t<img decoding=\"async\" src=\"https:\/\/raon-industry.com\/wp-content\/uploads\/elementor\/thumbs\/Screenshot-2023-07-27-131924-qd5uf5460ihs32ribeim5jxl9w0utpv1eqrfnsvh52.png\" title=\"Screenshot 2023-07-27 131924\" alt=\"Screenshot 2023-07-27 131924\" loading=\"lazy\" \/>\t\t\t\t\t\t\t\t\t\t\t\t\t\t\t<\/div>\n\t\t\t\t<\/div>\n\t\t\t\t\t<\/div>\n\t\t\t\t<\/div>\n\t\t\t\t\t\t\t<\/div>\n\t\t","protected":false},"excerpt":{"rendered":"<p>Industrijska automatizacija Tim industrijske automatizacije uklju\u010duje menad\u017eere i in\u017eenjere iz razli\u010ditih podru\u010dja poslovanja i in\u017eenjeringa koji donose obilje iskustva sa sna\u017enim, raznolikim vje\u0161tinama, razvojnim vje\u0161tinama i poduzetnim duhom. Stoga, gore navedeno iskustvo i interesi, uvijek otvaraju vrata novim podru\u010djima anga\u017emana i novim izazovima. Na\u0161 tim kompetentno pokriva sve faze potrebne za uspje\u0161nu realizaciju projekta, uklju\u010duju\u0107i [&hellip;]<\/p>\n","protected":false},"author":1,"featured_media":0,"parent":0,"menu_order":0,"comment_status":"closed","ping_status":"closed","template":"elementor_header_footer","meta":{"footnotes":""},"class_list":["post-393","page","type-page","status-publish","hentry"],"_links":{"self":[{"href":"https:\/\/raon-industry.com\/hr\/wp-json\/wp\/v2\/pages\/393","targetHints":{"allow":["GET"]}}],"collection":[{"href":"https:\/\/raon-industry.com\/hr\/wp-json\/wp\/v2\/pages"}],"about":[{"href":"https:\/\/raon-industry.com\/hr\/wp-json\/wp\/v2\/types\/page"}],"author":[{"embeddable":true,"href":"https:\/\/raon-industry.com\/hr\/wp-json\/wp\/v2\/users\/1"}],"replies":[{"embeddable":true,"href":"https:\/\/raon-industry.com\/hr\/wp-json\/wp\/v2\/comments?post=393"}],"version-history":[{"count":21,"href":"https:\/\/raon-industry.com\/hr\/wp-json\/wp\/v2\/pages\/393\/revisions"}],"predecessor-version":[{"id":570,"href":"https:\/\/raon-industry.com\/hr\/wp-json\/wp\/v2\/pages\/393\/revisions\/570"}],"wp:attachment":[{"href":"https:\/\/raon-industry.com\/hr\/wp-json\/wp\/v2\/media?parent=393"}],"curies":[{"name":"wp","href":"https:\/\/api.w.org\/{rel}","templated":true}]}}