{"id":399,"date":"2023-09-12T14:26:07","date_gmt":"2023-09-12T14:26:07","guid":{"rendered":"https:\/\/raon.hr\/about-us\/"},"modified":"2023-10-02T11:00:36","modified_gmt":"2023-10-02T11:00:36","slug":"about-us","status":"publish","type":"page","link":"https:\/\/raon-industry.com\/hr\/about-us\/","title":{"rendered":"About us"},"content":{"rendered":"\t\t<div data-elementor-type=\"wp-page\" data-elementor-id=\"399\" class=\"elementor elementor-399\">\n\t\t\t\t\t\t\t<div class=\"elementor-element elementor-element-d103052 e-flex e-con-boxed e-con e-parent\" data-id=\"d103052\" data-element_type=\"container\" data-settings=\"{&quot;content_width&quot;:&quot;boxed&quot;}\" data-core-v316-plus=\"true\">\n\t\t\t\t\t<div class=\"e-con-inner\">\n\t\t\t\t<div class=\"elementor-element elementor-element-8966a76 elementor-widget elementor-widget-heading\" data-id=\"8966a76\" data-element_type=\"widget\" data-widget_type=\"heading.default\">\n\t\t\t\t<div class=\"elementor-widget-container\">\n\t\t\t<style>\/*! elementor - v3.16.0 - 12-09-2023 *\/\n.elementor-heading-title{padding:0;margin:0;line-height:1}.elementor-widget-heading .elementor-heading-title[class*=elementor-size-]>a{color:inherit;font-size:inherit;line-height:inherit}.elementor-widget-heading .elementor-heading-title.elementor-size-small{font-size:15px}.elementor-widget-heading .elementor-heading-title.elementor-size-medium{font-size:19px}.elementor-widget-heading .elementor-heading-title.elementor-size-large{font-size:29px}.elementor-widget-heading .elementor-heading-title.elementor-size-xl{font-size:39px}.elementor-widget-heading .elementor-heading-title.elementor-size-xxl{font-size:59px}<\/style><h2 class=\"elementor-heading-title elementor-size-default\">O name<\/h2>\t\t<\/div>\n\t\t\t\t<\/div>\n\t\t\t\t\t<\/div>\n\t\t\t\t<\/div>\n\t\t<div class=\"elementor-element elementor-element-d2422dc e-flex e-con-boxed e-con e-parent\" data-id=\"d2422dc\" data-element_type=\"container\" data-settings=\"{&quot;content_width&quot;:&quot;boxed&quot;}\" data-core-v316-plus=\"true\">\n\t\t\t\t\t<div class=\"e-con-inner\">\n\t\t\t\t<div class=\"elementor-element elementor-element-97767ff elementor-widget elementor-widget-text-editor\" data-id=\"97767ff\" data-element_type=\"widget\" data-widget_type=\"text-editor.default\">\n\t\t\t\t<div class=\"elementor-widget-container\">\n\t\t\t<style>\/*! elementor - v3.16.0 - 12-09-2023 *\/\n.elementor-widget-text-editor.elementor-drop-cap-view-stacked .elementor-drop-cap{background-color:#69727d;color:#fff}.elementor-widget-text-editor.elementor-drop-cap-view-framed .elementor-drop-cap{color:#69727d;border:3px solid;background-color:transparent}.elementor-widget-text-editor:not(.elementor-drop-cap-view-default) .elementor-drop-cap{margin-top:8px}.elementor-widget-text-editor:not(.elementor-drop-cap-view-default) .elementor-drop-cap-letter{width:1em;height:1em}.elementor-widget-text-editor .elementor-drop-cap{float:left;text-align:center;line-height:1;font-size:50px}.elementor-widget-text-editor .elementor-drop-cap-letter{display:inline-block}<\/style>\t\t\t\t<p class=\"p1\">U RAON-u smo na \u010delu nove ere industrijske automatizacije. Sa stra\u0161\u0107u za inovacijama i predano\u0161\u0107u izvrsnosti, posve\u0107eni smo transformaciji na\u010dina na koji industrije rade. Na\u0161a vrhunska rje\u0161enja osna\u017euju tvrtke da optimiziraju svoje procese, pove\u0107aju u\u010dinkovitost i postignu nevi\u0111ene razine produktivnosti.<\/p>\n<p class=\"p1\"><strong>Na\u0161a vizija<\/strong> je jasna &#8211; napraviti revoluciju u industrijskoj automatizaciji spajanjem najsuvremenije tehnologije s neusporedivom stru\u010dno\u0161\u0107u. Zami\u0161ljamo svijet u kojem strojevi i sustavi besprijekorno rade zajedno, u kojem su zadaci koji se ponavljaju automatizirani i u kojem se ljudski potencijal osloba\u0111a kako bi se usredoto\u010dio na kreativnost i strate\u0161ko dono\u0161enje odluka.<\/p>\n<p class=\"p1\"><b>Klju\u010dne zna\u010dajke:<\/b><\/p>\n\n<ol class=\"ol1\">\n  <li class=\"li1\"><b>Napredni sustavi automatizacije:<\/b> Na\u0161 se portfelj mo\u017ee pohvaliti \u0161irokim rasponom naprednih sustava automatizacije dizajniranih za pojednostavljenje operacija u raznim industrijama. Nudimo rje\u0161enja prilago\u0111ena va\u0161im potrebama.<\/li>\n  <li class=\"li1\"><b>Inovativna robotika:<\/b> prihva\u0107aju\u0107i najnovija dostignu\u0107a u robotici, integriramo kolaborativne robote (kobote) koji rade uz ljudske zaposlenike, pove\u0107avaju\u0107i produktivnost i sigurnost na radnom mjestu.<\/li>\n  <li class=\"li1\"><b>Pametna IoT integracija:<\/b> Na\u0161a rje\u0161enja iskori\u0161tavaju snagu Interneta stvari (IoT) za stvaranje me\u0111usobno povezanih ekosustava koji pru\u017eaju uvid u podatke u stvarnom vremenu. Pratite, kontrolirajte i optimizirajte procese na daljinu, stje\u010du\u0107i konkurentsku prednost u dana\u0161njem brzom poslovnom okru\u017eenju.<\/li>\n  <li class=\"li1\"><b>Uvidi temeljeni na podacima:<\/b> Iskoristite potencijal podataka putem na\u0161ih naprednih alata za analizu. Izvucite vrijedne uvide iz svojih operacija, omogu\u0107uju\u0107i informirano dono\u0161enje odluka, prediktivno odr\u017eavanje i kontinuirano pobolj\u0161anje.<\/li>\n  <li class=\"li1\"><b>Prilagodba i skalabilnost:<\/b> Shva\u0107amo da je svaki posao jedinstven. Na\u0161a su rje\u0161enja vrlo prilagodljiva kako bi se prilagodila va\u0161im specifi\u010dnim zahtjevima. Nadalje, kako va\u0161e operacije rastu, na\u0161i se sustavi neprimjetno prilago\u0111avaju va\u0161im potrebama.<\/li>\n<\/ol>\t\t\t\t\t\t<\/div>\n\t\t\t\t<\/div>\n\t\t\t\t\t<\/div>\n\t\t\t\t<\/div>\n\t\t<div class=\"elementor-element elementor-element-a41d2c6 e-flex e-con-boxed e-con e-parent\" data-id=\"a41d2c6\" data-element_type=\"container\" data-settings=\"{&quot;content_width&quot;:&quot;boxed&quot;}\" data-core-v316-plus=\"true\">\n\t\t\t\t\t<div class=\"e-con-inner\">\n\t\t\t\t<div class=\"elementor-element elementor-element-30649ac elementor-widget elementor-widget-image\" data-id=\"30649ac\" data-element_type=\"widget\" data-widget_type=\"image.default\">\n\t\t\t\t<div class=\"elementor-widget-container\">\n\t\t\t<style>\/*! elementor - v3.16.0 - 12-09-2023 *\/\n.elementor-widget-image{text-align:center}.elementor-widget-image a{display:inline-block}.elementor-widget-image a img[src$=\".svg\"]{width:48px}.elementor-widget-image img{vertical-align:middle;display:inline-block}<\/style>\t\t\t\t\t\t\t\t\t\t\t\t<img loading=\"lazy\" decoding=\"async\" width=\"300\" height=\"203\" src=\"https:\/\/raon-industry.com\/wp-content\/uploads\/2023\/09\/csm_N-SMS2821-002_085-50MN-Strangpresse_-Dornschmierroboter_-Scheibenroboter_b42d866eb8-300x203.png\" class=\"attachment-medium size-medium wp-image-477\" alt=\"\" srcset=\"https:\/\/raon-industry.com\/wp-content\/uploads\/2023\/09\/csm_N-SMS2821-002_085-50MN-Strangpresse_-Dornschmierroboter_-Scheibenroboter_b42d866eb8-300x203.png 300w, https:\/\/raon-industry.com\/wp-content\/uploads\/2023\/09\/csm_N-SMS2821-002_085-50MN-Strangpresse_-Dornschmierroboter_-Scheibenroboter_b42d866eb8-1024x692.png 1024w, https:\/\/raon-industry.com\/wp-content\/uploads\/2023\/09\/csm_N-SMS2821-002_085-50MN-Strangpresse_-Dornschmierroboter_-Scheibenroboter_b42d866eb8-768x519.png 768w, https:\/\/raon-industry.com\/wp-content\/uploads\/2023\/09\/csm_N-SMS2821-002_085-50MN-Strangpresse_-Dornschmierroboter_-Scheibenroboter_b42d866eb8.png 1500w\" sizes=\"auto, (max-width: 300px) 100vw, 300px\" \/>\t\t\t\t\t\t\t\t\t\t\t\t\t\t\t<\/div>\n\t\t\t\t<\/div>\n\t\t\t\t<div class=\"elementor-element elementor-element-7edfd03 elementor-widget elementor-widget-image\" data-id=\"7edfd03\" data-element_type=\"widget\" data-widget_type=\"image.default\">\n\t\t\t\t<div class=\"elementor-widget-container\">\n\t\t\t\t\t\t\t\t\t\t\t\t\t\t\t<img loading=\"lazy\" decoding=\"async\" width=\"300\" height=\"209\" src=\"https:\/\/raon-industry.com\/wp-content\/uploads\/2023\/09\/csm_Spinner-blocks_4c23fc17b5-300x209.png\" class=\"attachment-medium size-medium wp-image-473\" alt=\"\" srcset=\"https:\/\/raon-industry.com\/wp-content\/uploads\/2023\/09\/csm_Spinner-blocks_4c23fc17b5-300x209.png 300w, https:\/\/raon-industry.com\/wp-content\/uploads\/2023\/09\/csm_Spinner-blocks_4c23fc17b5-1024x715.png 1024w, https:\/\/raon-industry.com\/wp-content\/uploads\/2023\/09\/csm_Spinner-blocks_4c23fc17b5-768x536.png 768w, https:\/\/raon-industry.com\/wp-content\/uploads\/2023\/09\/csm_Spinner-blocks_4c23fc17b5.png 1500w\" sizes=\"auto, (max-width: 300px) 100vw, 300px\" \/>\t\t\t\t\t\t\t\t\t\t\t\t\t\t\t<\/div>\n\t\t\t\t<\/div>\n\t\t\t\t<div class=\"elementor-element elementor-element-d8b4e3c elementor-widget elementor-widget-image\" data-id=\"d8b4e3c\" data-element_type=\"widget\" data-widget_type=\"image.default\">\n\t\t\t\t<div class=\"elementor-widget-container\">\n\t\t\t\t\t\t\t\t\t\t\t\t\t\t\t<img loading=\"lazy\" decoding=\"async\" width=\"225\" height=\"300\" src=\"https:\/\/raon-industry.com\/wp-content\/uploads\/2023\/09\/Slika_35-225x300.jpg\" class=\"attachment-medium size-medium wp-image-214\" alt=\"\" srcset=\"https:\/\/raon-industry.com\/wp-content\/uploads\/2023\/09\/Slika_35-225x300.jpg 225w, https:\/\/raon-industry.com\/wp-content\/uploads\/2023\/09\/Slika_35-768x1024.jpg 768w, https:\/\/raon-industry.com\/wp-content\/uploads\/2023\/09\/Slika_35-1152x1536.jpg 1152w, https:\/\/raon-industry.com\/wp-content\/uploads\/2023\/09\/Slika_35-1536x2048.jpg 1536w, https:\/\/raon-industry.com\/wp-content\/uploads\/2023\/09\/Slika_35-scaled.jpg 1920w\" sizes=\"auto, (max-width: 225px) 100vw, 225px\" \/>\t\t\t\t\t\t\t\t\t\t\t\t\t\t\t<\/div>\n\t\t\t\t<\/div>\n\t\t\t\t\t<\/div>\n\t\t\t\t<\/div>\n\t\t<div class=\"elementor-element elementor-element-2acad17 e-flex e-con-boxed e-con e-parent\" data-id=\"2acad17\" data-element_type=\"container\" data-settings=\"{&quot;content_width&quot;:&quot;boxed&quot;}\" data-core-v316-plus=\"true\">\n\t\t\t\t\t<div class=\"e-con-inner\">\n\t\t\t\t<div class=\"elementor-element elementor-element-83d3972 elementor-widget elementor-widget-text-editor\" data-id=\"83d3972\" data-element_type=\"widget\" data-widget_type=\"text-editor.default\">\n\t\t\t\t<div class=\"elementor-widget-container\">\n\t\t\t\t\t\t\t<p class=\"p1\"><b>Za\u0161to odabrati RAON?<\/b><\/p>\n\n<ol class=\"ol1\">\n  <li class=\"li1\"><b>Stru\u010dnost:<\/b> Na\u0161 tim sastoji se od veterana industrije i stru\u010dnjaka koji razumiju zamr\u0161enost industrijske automatizacije. S dokazanim iskustvom u svakom projektu donosimo neusporedivo znanje.<\/li>\n  <li class=\"li1\"><b>Inovacije:<\/b> Uspjevamo zahvaljuju\u0107i inovacijama, stalno tra\u017ee\u0107i nove na\u010dine za pomicanje granica i rje\u0161avanje izazova. Odabirom nas postajete partner s tvrtkom koja se nikada ne pristaje na status quo.<\/li>\n  <li class=\"li1\"><b>Pouzdanost:<\/b> Ponosimo se isporukom rje\u0161enja koja besprijekorno rade od prvog dana. Na\u0161a predanost kvaliteti osigurava da se mo\u017eete osloniti na na\u0161e sustave za operacije kriti\u010dne.<\/li>\n  <li class=\"li1\"><b>Dugoro\u010dno partnerstvo:<\/b> Va\u0161 uspjeh je i na\u0161 uspjeh. Gradimo dugoro\u010dna partnerstva s na\u0161im klijentima, pru\u017eaju\u0107i stalnu podr\u0161ku, a\u017euriranja i prilagodbe kako bi va\u0161a infrastruktura automatizacije bila optimizirana godinama koje dolaze.<\/li>\n<\/ol>\n<p class=\"p1\"><b>\nIndustrije kojima slu\u017eimo:<\/b><\/p>\n\n<ul class=\"ul1\">\n  <li class=\"li1\">Proizvodnja i monta\u017ea<\/li>\n  <li class=\"li1\">Logistika i lanac opskrbe<\/li>\n  <li class=\"li1\">\u010celik i bakar<\/li>\n  <li class=\"li1\">Energija i komunalije<\/li>\n  <li class=\"li1\">Automobili<\/li>\n  <li>Industrija hrane i pi\u0107a<\/li>\n  <li>Farmaceutska industrija<\/li>\n<\/ul>\n<p class=\"p1\"><b>Zaklju\u010dak:<\/b><\/p>\n<p class=\"p1\">Mi u RAON-u ne nudimo samo rje\u0161enja za industrijsku automatizaciju \u2013 mi uvodimo novu eru u\u010dinkovitosti, produktivnosti i inovacija. Pridru\u017eite nam se na ovom transformativnom putovanju dok zajedno oblikujemo budu\u0107nost industrija. Kontaktirajte nas danas da istra\u017eite kako na\u0161a rje\u0161enja mogu podi\u0107i va\u0161e poslovanje na nove visine.<\/p>\t\t\t\t\t\t<\/div>\n\t\t\t\t<\/div>\n\t\t\t\t\t<\/div>\n\t\t\t\t<\/div>\n\t\t\t\t\t\t\t<\/div>\n\t\t","protected":false},"excerpt":{"rendered":"<p>O name U RAON-u smo na \u010delu nove ere industrijske automatizacije. Sa stra\u0161\u0107u za inovacijama i predano\u0161\u0107u izvrsnosti, posve\u0107eni smo transformaciji na\u010dina na koji industrije rade. Na\u0161a vrhunska rje\u0161enja osna\u017euju tvrtke da optimiziraju svoje procese, pove\u0107aju u\u010dinkovitost i postignu nevi\u0111ene razine produktivnosti. Na\u0161a vizija je jasna &#8211; napraviti revoluciju u industrijskoj automatizaciji spajanjem najsuvremenije tehnologije [&hellip;]<\/p>\n","protected":false},"author":1,"featured_media":0,"parent":0,"menu_order":0,"comment_status":"closed","ping_status":"closed","template":"elementor_header_footer","meta":{"footnotes":""},"class_list":["post-399","page","type-page","status-publish","hentry"],"_links":{"self":[{"href":"https:\/\/raon-industry.com\/hr\/wp-json\/wp\/v2\/pages\/399","targetHints":{"allow":["GET"]}}],"collection":[{"href":"https:\/\/raon-industry.com\/hr\/wp-json\/wp\/v2\/pages"}],"about":[{"href":"https:\/\/raon-industry.com\/hr\/wp-json\/wp\/v2\/types\/page"}],"author":[{"embeddable":true,"href":"https:\/\/raon-industry.com\/hr\/wp-json\/wp\/v2\/users\/1"}],"replies":[{"embeddable":true,"href":"https:\/\/raon-industry.com\/hr\/wp-json\/wp\/v2\/comments?post=399"}],"version-history":[{"count":27,"href":"https:\/\/raon-industry.com\/hr\/wp-json\/wp\/v2\/pages\/399\/revisions"}],"predecessor-version":[{"id":894,"href":"https:\/\/raon-industry.com\/hr\/wp-json\/wp\/v2\/pages\/399\/revisions\/894"}],"wp:attachment":[{"href":"https:\/\/raon-industry.com\/hr\/wp-json\/wp\/v2\/media?parent=399"}],"curies":[{"name":"wp","href":"https:\/\/api.w.org\/{rel}","templated":true}]}}