{"id":717,"date":"2023-09-12T14:27:05","date_gmt":"2023-09-12T14:27:05","guid":{"rendered":"https:\/\/raon.hr\/our-work\/"},"modified":"2023-09-18T09:52:47","modified_gmt":"2023-09-18T09:52:47","slug":"our-work","status":"publish","type":"page","link":"https:\/\/raon-industry.com\/it\/our-work\/","title":{"rendered":"Our work"},"content":{"rendered":"\t\t<div data-elementor-type=\"wp-page\" data-elementor-id=\"717\" class=\"elementor elementor-717\">\n\t\t\t\t\t\t\t<div class=\"elementor-element elementor-element-ded04bd e-flex e-con-boxed e-con e-parent\" data-id=\"ded04bd\" data-element_type=\"container\" data-settings=\"{&quot;content_width&quot;:&quot;boxed&quot;}\" data-core-v316-plus=\"true\">\n\t\t\t\t\t<div class=\"e-con-inner\">\n\t\t\t\t<div class=\"elementor-element elementor-element-d64d84a elementor-widget elementor-widget-heading\" data-id=\"d64d84a\" data-element_type=\"widget\" data-widget_type=\"heading.default\">\n\t\t\t\t<div class=\"elementor-widget-container\">\n\t\t\t<style>\/*! elementor - v3.16.0 - 12-09-2023 *\/\n.elementor-heading-title{padding:0;margin:0;line-height:1}.elementor-widget-heading .elementor-heading-title[class*=elementor-size-]>a{color:inherit;font-size:inherit;line-height:inherit}.elementor-widget-heading .elementor-heading-title.elementor-size-small{font-size:15px}.elementor-widget-heading .elementor-heading-title.elementor-size-medium{font-size:19px}.elementor-widget-heading .elementor-heading-title.elementor-size-large{font-size:29px}.elementor-widget-heading .elementor-heading-title.elementor-size-xl{font-size:39px}.elementor-widget-heading .elementor-heading-title.elementor-size-xxl{font-size:59px}<\/style><h2 class=\"elementor-heading-title elementor-size-default\">Automazione industriale<\/h2>\t\t<\/div>\n\t\t\t\t<\/div>\n\t\t\t\t\t<\/div>\n\t\t\t\t<\/div>\n\t\t<div class=\"elementor-element elementor-element-d3831dc e-flex e-con-boxed e-con e-parent\" data-id=\"d3831dc\" data-element_type=\"container\" data-settings=\"{&quot;content_width&quot;:&quot;boxed&quot;}\" data-core-v316-plus=\"true\">\n\t\t\t\t\t<div class=\"e-con-inner\">\n\t\t\t\t<div class=\"elementor-element elementor-element-9710554 elementor-widget elementor-widget-text-editor\" data-id=\"9710554\" data-element_type=\"widget\" data-widget_type=\"text-editor.default\">\n\t\t\t\t<div class=\"elementor-widget-container\">\n\t\t\t<style>\/*! elementor - v3.16.0 - 12-09-2023 *\/\n.elementor-widget-text-editor.elementor-drop-cap-view-stacked .elementor-drop-cap{background-color:#69727d;color:#fff}.elementor-widget-text-editor.elementor-drop-cap-view-framed .elementor-drop-cap{color:#69727d;border:3px solid;background-color:transparent}.elementor-widget-text-editor:not(.elementor-drop-cap-view-default) .elementor-drop-cap{margin-top:8px}.elementor-widget-text-editor:not(.elementor-drop-cap-view-default) .elementor-drop-cap-letter{width:1em;height:1em}.elementor-widget-text-editor .elementor-drop-cap{float:left;text-align:center;line-height:1;font-size:50px}.elementor-widget-text-editor .elementor-drop-cap-letter{display:inline-block}<\/style>\t\t\t\t<p>Il Team Industrial Automation comprende manager e ingegneri provenienti da vari settori del business e dell&#8217;ingegneria che portano molta esperienza con competenze forti e diversificate, capacit\u00e0 di sviluppo e spirito intraprendente. Pertanto, l\u2019esperienza e gli interessi sopra menzionati aprono sempre la porta a nuovi ambiti di impegno e nuove sfide. Il nostro team copre con competenza tutte le fasi necessarie per completare con successo il progetto, compresi studi preliminari, progettazione, costruzione e gestione del progetto, implementazione del progetto e messa in servizio finale. Poich\u00e9 il nostro obiettivo principale \u00e8 il rapporto a lungo termine con i clienti, forniamo assistenza, supporto e manutenzione preventiva.<\/p><p>La chiave del successo in qualsiasi impresa \u00e8 allineare e coinvolgere le persone giuste. \u00c8 lo stesso con qualsiasi progetto di automazione intelligente. La chiave del successo di un progetto \u00e8 la collaborazione, la comunicazione e la distribuzione delle responsabilit\u00e0 all\u2019interno del team. I leader devono progettare i team corretti, selezionare i giocatori giusti, sviluppare le capacit\u00e0 e organizzare un centro di eccellenza per implementare con successo progetti di automazione in un settore industriale.<\/p>\t\t\t\t\t\t<\/div>\n\t\t\t\t<\/div>\n\t\t\t\t<div class=\"elementor-element elementor-element-2e5d131 elementor-widget elementor-widget-image\" data-id=\"2e5d131\" data-element_type=\"widget\" data-widget_type=\"image.default\">\n\t\t\t\t<div class=\"elementor-widget-container\">\n\t\t\t<style>\/*! elementor - v3.16.0 - 12-09-2023 *\/\n.elementor-widget-image{text-align:center}.elementor-widget-image a{display:inline-block}.elementor-widget-image a img[src$=\".svg\"]{width:48px}.elementor-widget-image img{vertical-align:middle;display:inline-block}<\/style>\t\t\t\t\t\t\t\t\t\t\t\t<img loading=\"lazy\" decoding=\"async\" width=\"225\" height=\"300\" src=\"https:\/\/raon-industry.com\/wp-content\/uploads\/2023\/09\/Slika_35-225x300.jpg\" class=\"attachment-medium size-medium wp-image-214\" alt=\"\" srcset=\"https:\/\/raon-industry.com\/wp-content\/uploads\/2023\/09\/Slika_35-225x300.jpg 225w, https:\/\/raon-industry.com\/wp-content\/uploads\/2023\/09\/Slika_35-768x1024.jpg 768w, https:\/\/raon-industry.com\/wp-content\/uploads\/2023\/09\/Slika_35-1152x1536.jpg 1152w, https:\/\/raon-industry.com\/wp-content\/uploads\/2023\/09\/Slika_35-1536x2048.jpg 1536w, https:\/\/raon-industry.com\/wp-content\/uploads\/2023\/09\/Slika_35-scaled.jpg 1920w\" sizes=\"auto, (max-width: 225px) 100vw, 225px\" \/>\t\t\t\t\t\t\t\t\t\t\t\t\t\t\t<\/div>\n\t\t\t\t<\/div>\n\t\t\t\t\t<\/div>\n\t\t\t\t<\/div>\n\t\t<div class=\"elementor-element elementor-element-cf07028 e-flex e-con-boxed e-con e-parent\" data-id=\"cf07028\" data-element_type=\"container\" data-settings=\"{&quot;content_width&quot;:&quot;boxed&quot;}\" data-core-v316-plus=\"true\">\n\t\t\t\t\t<div class=\"e-con-inner\">\n\t\t\t\t<div class=\"elementor-element elementor-element-16a8e0d elementor-widget elementor-widget-text-editor\" data-id=\"16a8e0d\" data-element_type=\"widget\" data-widget_type=\"text-editor.default\">\n\t\t\t\t<div class=\"elementor-widget-container\">\n\t\t\t\t\t\t\tNoi offriamo:\n<ul>\n  <li>Soluzioni chiavi in mano<\/li>\n  <li>Sviluppo di software e hardware personalizzati<\/li>\n  <li>Messa in servizio e test<\/li>\n  <li>Progetti di base e dettagliati<\/li>\n  <li>Programmazione e parametrizzazione di dispositivi programmabili<\/li>\n  <li>Simulazione di processo o macchina nel software Unity o Siemens SIMIT<\/li>\n  <li>Montaggio, installazione e collegamento in loco dell&#8217;apparecchiatura<\/li>\n  <li>Formazione del personale del cliente.<\/li>\n<\/ul>\nLe competenze che forniamo sono:\n<ul>\n  <li>Sviluppo e implementazione di software (L1, L2 e L3)<\/li>\n  <li>Progettazione e installazione hardware elettrico<\/li>\n  <li>Installazione e messa in servizio di inverter (azionamenti)<\/li>\n  <li>Supervisione idraulica, elettrica e meccanica<\/li>\n  <li>Supporto tecnico in tutte le aree menzionate.<\/li>\n  <li>Soluzione IoT industriale e \u00a0analisi dei Big Data<\/li>\n  <li>Connettivit\u00e0 industriale per la trasformazione digitale (MES e SCADA)<\/li>\n<\/ul>\t\t\t\t\t\t<\/div>\n\t\t\t\t<\/div>\n\t\t\t\t<div class=\"elementor-element elementor-element-22079df elementor-widget elementor-widget-image\" data-id=\"22079df\" data-element_type=\"widget\" data-widget_type=\"image.default\">\n\t\t\t\t<div class=\"elementor-widget-container\">\n\t\t\t\t\t\t\t\t\t\t\t\t\t\t\t<img decoding=\"async\" src=\"https:\/\/raon-industry.com\/wp-content\/uploads\/elementor\/thumbs\/Screenshot-2023-07-27-131924-qd5uf5460ihs32ribeim5jxl9w0utpv1eqrfnsvh52.png\" title=\"Screenshot 2023-07-27 131924\" alt=\"Screenshot 2023-07-27 131924\" loading=\"lazy\" \/>\t\t\t\t\t\t\t\t\t\t\t\t\t\t\t<\/div>\n\t\t\t\t<\/div>\n\t\t\t\t\t<\/div>\n\t\t\t\t<\/div>\n\t\t\t\t\t\t\t<\/div>\n\t\t","protected":false},"excerpt":{"rendered":"<p>Automazione industriale Il Team Industrial Automation comprende manager e ingegneri provenienti da vari settori del business e dell&#8217;ingegneria che portano molta esperienza con competenze forti e diversificate, capacit\u00e0 di sviluppo e spirito intraprendente. Pertanto, l\u2019esperienza e gli interessi sopra menzionati aprono sempre la porta a nuovi ambiti di impegno e nuove sfide. Il nostro team [&hellip;]<\/p>\n","protected":false},"author":1,"featured_media":0,"parent":0,"menu_order":0,"comment_status":"closed","ping_status":"closed","template":"elementor_header_footer","meta":{"footnotes":""},"class_list":["post-717","page","type-page","status-publish","hentry"],"_links":{"self":[{"href":"https:\/\/raon-industry.com\/it\/wp-json\/wp\/v2\/pages\/717","targetHints":{"allow":["GET"]}}],"collection":[{"href":"https:\/\/raon-industry.com\/it\/wp-json\/wp\/v2\/pages"}],"about":[{"href":"https:\/\/raon-industry.com\/it\/wp-json\/wp\/v2\/types\/page"}],"author":[{"embeddable":true,"href":"https:\/\/raon-industry.com\/it\/wp-json\/wp\/v2\/users\/1"}],"replies":[{"embeddable":true,"href":"https:\/\/raon-industry.com\/it\/wp-json\/wp\/v2\/comments?post=717"}],"version-history":[{"count":9,"href":"https:\/\/raon-industry.com\/it\/wp-json\/wp\/v2\/pages\/717\/revisions"}],"predecessor-version":[{"id":726,"href":"https:\/\/raon-industry.com\/it\/wp-json\/wp\/v2\/pages\/717\/revisions\/726"}],"wp:attachment":[{"href":"https:\/\/raon-industry.com\/it\/wp-json\/wp\/v2\/media?parent=717"}],"curies":[{"name":"wp","href":"https:\/\/api.w.org\/{rel}","templated":true}]}}